{"id":2113,"date":"2023-08-10T13:17:55","date_gmt":"2023-08-10T13:17:55","guid":{"rendered":"https:\/\/printde.co\/?post_type=product&#038;p=2113"},"modified":"2024-01-17T18:47:30","modified_gmt":"2024-01-17T17:47:30","slug":"apstraktna-futuristicka-kompozicija-narancasta-plavi-detalji","status":"publish","type":"product","link":"https:\/\/printde.co\/hr\/proizvod\/apstraktna-futuristicka-kompozicija-narancasta-plavi-detalji\/","title":{"rendered":"Apstraktna i Futuristi\u010dka Kompozicija: Naran\u010dasta s Plavim Detaljima"},"content":{"rendered":"<p>Otkrijte zidni mural koji kombinira apstraktne elemente s futuristi\u010dkom vizijom. Dominantna naran\u010dasta nijansa oboga\u0107ena je detaljima u plavoj boji, stvaraju\u0107i jedinstvenu i dinami\u010dnu vizualnu pri\u010du.<\/p>\n","protected":false},"excerpt":{"rendered":"<p>Apstraktan i futuristi\u010dki mural u naran\u010dastoj boji s plavim detaljima. Savr\u0161ena kombinacija za suvremeni prostor.<\/p>\n","protected":false},"featured_media":2386,"template":"","meta":{"_acf_changed":false,"inline_featured_image":false},"product_brand":[],"product_cat":[60,52,104],"product_tag":[],"class_list":{"0":"post-2113","1":"product","2":"type-product","3":"status-publish","4":"has-post-thumbnail","6":"product_cat-apstraktne-tapete","7":"product_cat-zidne-tapete","8":"product_cat-umjetnost-dizajn-tapete","10":"first","11":"instock","12":"shipping-taxable","13":"purchasable","14":"product-type-simple"},"acf":[],"_links":{"self":[{"href":"https:\/\/printde.co\/hr\/wp-json\/wp\/v2\/product\/2113","targetHints":{"allow":["GET"]}}],"collection":[{"href":"https:\/\/printde.co\/hr\/wp-json\/wp\/v2\/product"}],"about":[{"href":"https:\/\/printde.co\/hr\/wp-json\/wp\/v2\/types\/product"}],"wp:featuredmedia":[{"embeddable":true,"href":"https:\/\/printde.co\/hr\/wp-json\/wp\/v2\/media\/2386"}],"wp:attachment":[{"href":"https:\/\/printde.co\/hr\/wp-json\/wp\/v2\/media?parent=2113"}],"wp:term":[{"taxonomy":"product_brand","embeddable":true,"href":"https:\/\/printde.co\/hr\/wp-json\/wp\/v2\/product_brand?post=2113"},{"taxonomy":"product_cat","embeddable":true,"href":"https:\/\/printde.co\/hr\/wp-json\/wp\/v2\/product_cat?post=2113"},{"taxonomy":"product_tag","embeddable":true,"href":"https:\/\/printde.co\/hr\/wp-json\/wp\/v2\/product_tag?post=2113"}],"curies":[{"name":"wp","href":"https:\/\/api.w.org\/{rel}","templated":true}]}}