{"id":2141,"date":"2023-08-22T10:23:06","date_gmt":"2023-08-22T10:23:06","guid":{"rendered":"https:\/\/printde.co\/?post_type=product&#038;p=2141"},"modified":"2024-01-22T22:59:41","modified_gmt":"2024-01-22T21:59:41","slug":"portret-indijanske-vodje-ratna-kaciga-ekspresionizam-ulje","status":"publish","type":"product","link":"https:\/\/printde.co\/hr\/proizvod\/portret-indijanske-vodje-ratna-kaciga-ekspresionizam-ulje\/","title":{"rendered":"Portret Indijanske Vo\u0111e s Ratnom Perjanicom: Ekspresionisti\u010dki Portret Ulje"},"content":{"rendered":"<p>Otkrijte umjetnost koja kombinira klasiku s modernom tehnikom. Slika statue Davida, izra\u0111ena s te\u0161kom upotrebom lopatice, isti\u010de detaljne crte lica i sna\u017ean izraz. Interaktivna umjetnost u svijetlosivoj boji koja odra\u017eava akademsku tradiciju.<\/p>\n","protected":false},"excerpt":{"rendered":"<p>Ekspresionisti\u010dki portret indijanske vo\u0111e s ratnom perjanicom. \u017divopisne boje, dinamika i neodoljiva igra svjetla.<\/p>\n","protected":false},"featured_media":2144,"template":"","meta":{"_acf_changed":false,"inline_featured_image":false},"product_brand":[],"product_cat":[52,104],"product_tag":[],"class_list":{"0":"post-2141","1":"product","2":"type-product","3":"status-publish","4":"has-post-thumbnail","6":"product_cat-zidne-tapete","7":"product_cat-umjetnost-dizajn-tapete","9":"first","10":"instock","11":"shipping-taxable","12":"purchasable","13":"product-type-simple"},"acf":[],"_links":{"self":[{"href":"https:\/\/printde.co\/hr\/wp-json\/wp\/v2\/product\/2141","targetHints":{"allow":["GET"]}}],"collection":[{"href":"https:\/\/printde.co\/hr\/wp-json\/wp\/v2\/product"}],"about":[{"href":"https:\/\/printde.co\/hr\/wp-json\/wp\/v2\/types\/product"}],"wp:featuredmedia":[{"embeddable":true,"href":"https:\/\/printde.co\/hr\/wp-json\/wp\/v2\/media\/2144"}],"wp:attachment":[{"href":"https:\/\/printde.co\/hr\/wp-json\/wp\/v2\/media?parent=2141"}],"wp:term":[{"taxonomy":"product_brand","embeddable":true,"href":"https:\/\/printde.co\/hr\/wp-json\/wp\/v2\/product_brand?post=2141"},{"taxonomy":"product_cat","embeddable":true,"href":"https:\/\/printde.co\/hr\/wp-json\/wp\/v2\/product_cat?post=2141"},{"taxonomy":"product_tag","embeddable":true,"href":"https:\/\/printde.co\/hr\/wp-json\/wp\/v2\/product_tag?post=2141"}],"curies":[{"name":"wp","href":"https:\/\/api.w.org\/{rel}","templated":true}]}}