{"id":2238,"date":"2023-12-18T12:59:10","date_gmt":"2023-12-18T11:59:10","guid":{"rendered":"https:\/\/printde.co\/?post_type=product&#038;p=2238"},"modified":"2024-01-22T22:46:21","modified_gmt":"2024-01-22T21:46:21","slug":"leonardo-da-vinci-tapeta-renesanse","status":"publish","type":"product","link":"https:\/\/printde.co\/hr\/proizvod\/leonardo-da-vinci-tapeta-renesanse\/","title":{"rendered":"Tapeta Renesanse Leonarda da Vincija"},"content":{"rendered":"<p>Uronite u genijalnost Renesanse s na\u0161om &#8216;Tapetom Renesanse Leonarda da Vincija&#8217;. Nadahnuta majstorskim skicama i bilje\u0161kama da Vincija, ova tapeta odi\u0161e suptilnom sofisticirano\u0161\u0107u, savr\u0161ena za umjetni\u010dki dodir u bilo kojoj prostoriji.<\/p>\n","protected":false},"excerpt":{"rendered":"<p>Podignite svoj dekor s elegancijom Renesanse kroz na\u0161u tapetu inspiriranu Leonardom da Vincijem, spajaju\u0107i umjetnost i povijest.<\/p>\n","protected":false},"featured_media":2244,"template":"","meta":{"_acf_changed":false,"inline_featured_image":false},"product_brand":[],"product_cat":[52,104],"product_tag":[],"class_list":{"0":"post-2238","1":"product","2":"type-product","3":"status-publish","4":"has-post-thumbnail","6":"product_cat-zidne-tapete","7":"product_cat-umjetnost-dizajn-tapete","9":"first","10":"instock","11":"shipping-taxable","12":"purchasable","13":"product-type-simple"},"acf":[],"_links":{"self":[{"href":"https:\/\/printde.co\/hr\/wp-json\/wp\/v2\/product\/2238","targetHints":{"allow":["GET"]}}],"collection":[{"href":"https:\/\/printde.co\/hr\/wp-json\/wp\/v2\/product"}],"about":[{"href":"https:\/\/printde.co\/hr\/wp-json\/wp\/v2\/types\/product"}],"wp:featuredmedia":[{"embeddable":true,"href":"https:\/\/printde.co\/hr\/wp-json\/wp\/v2\/media\/2244"}],"wp:attachment":[{"href":"https:\/\/printde.co\/hr\/wp-json\/wp\/v2\/media?parent=2238"}],"wp:term":[{"taxonomy":"product_brand","embeddable":true,"href":"https:\/\/printde.co\/hr\/wp-json\/wp\/v2\/product_brand?post=2238"},{"taxonomy":"product_cat","embeddable":true,"href":"https:\/\/printde.co\/hr\/wp-json\/wp\/v2\/product_cat?post=2238"},{"taxonomy":"product_tag","embeddable":true,"href":"https:\/\/printde.co\/hr\/wp-json\/wp\/v2\/product_tag?post=2238"}],"curies":[{"name":"wp","href":"https:\/\/api.w.org\/{rel}","templated":true}]}}