{"id":2248,"date":"2023-12-19T12:07:34","date_gmt":"2023-12-19T12:07:34","guid":{"rendered":"https:\/\/printde.co\/?post_type=product&#038;p=2248"},"modified":"2024-01-22T22:45:09","modified_gmt":"2024-01-22T21:45:09","slug":"apollo-grcki-bog-mural-tapeta","status":"publish","type":"product","link":"https:\/\/printde.co\/hr\/proizvod\/apollo-grcki-bog-mural-tapeta\/","title":{"rendered":"Tapeta Mural Gr\u010dkog Boga Apolona"},"content":{"rendered":"<p>Do\u017eivite bo\u017eansku eleganciju Apolona s na\u0161om &#8216;Tapetom Mural Gr\u010dkog Boga Apolona&#8217;. Ova kolaza prikazuje realisti\u010dnu sliku statue Apolona, nagla\u0161enu zemljanim i sivim tonovima koji isti\u010du njegovu veli\u010danstvenost i mo\u0107. Oboga\u0107ena suncem, zvijezdama, oblacima i teksturama poput kamena, mramora i drveta, ova mural tapeta je remek-djelo umjetnosti i mitologije, savr\u0161ena za svaki prostor.<\/p>\n","protected":false},"excerpt":{"rendered":"<p>Unesite mitolo\u0161ku grandioznost u svoje interijere s na\u0161om Tapetom Mural Gr\u010dkog Boga Apolona, skladnom kombinacijom bo\u017eanskog imid\u017ea i prirodnih tekstura.<\/p>\n","protected":false},"featured_media":2250,"template":"","meta":{"_acf_changed":false,"inline_featured_image":false},"product_brand":[],"product_cat":[101,52],"product_tag":[],"class_list":{"0":"post-2248","1":"product","2":"type-product","3":"status-publish","4":"has-post-thumbnail","6":"product_cat-tapete-anticka-umjetnost","7":"product_cat-zidne-tapete","9":"first","10":"instock","11":"shipping-taxable","12":"purchasable","13":"product-type-simple"},"acf":[],"_links":{"self":[{"href":"https:\/\/printde.co\/hr\/wp-json\/wp\/v2\/product\/2248","targetHints":{"allow":["GET"]}}],"collection":[{"href":"https:\/\/printde.co\/hr\/wp-json\/wp\/v2\/product"}],"about":[{"href":"https:\/\/printde.co\/hr\/wp-json\/wp\/v2\/types\/product"}],"wp:featuredmedia":[{"embeddable":true,"href":"https:\/\/printde.co\/hr\/wp-json\/wp\/v2\/media\/2250"}],"wp:attachment":[{"href":"https:\/\/printde.co\/hr\/wp-json\/wp\/v2\/media?parent=2248"}],"wp:term":[{"taxonomy":"product_brand","embeddable":true,"href":"https:\/\/printde.co\/hr\/wp-json\/wp\/v2\/product_brand?post=2248"},{"taxonomy":"product_cat","embeddable":true,"href":"https:\/\/printde.co\/hr\/wp-json\/wp\/v2\/product_cat?post=2248"},{"taxonomy":"product_tag","embeddable":true,"href":"https:\/\/printde.co\/hr\/wp-json\/wp\/v2\/product_tag?post=2248"}],"curies":[{"name":"wp","href":"https:\/\/api.w.org\/{rel}","templated":true}]}}