{"id":2271,"date":"2023-12-21T12:00:51","date_gmt":"2023-12-21T11:00:51","guid":{"rendered":"https:\/\/printde.co\/?post_type=product&#038;p=2271"},"modified":"2024-01-22T21:13:39","modified_gmt":"2024-01-22T20:13:39","slug":"mitoloska-elegancija-tapeta-dizajn","status":"publish","type":"product","link":"https:\/\/printde.co\/hr\/proizvod\/mitoloska-elegancija-tapeta-dizajn\/","title":{"rendered":"Dizajn Tapete Mitolo\u0161ke Elegancije"},"content":{"rendered":"<p>Predstavljamo na\u0161 &#8216;Dizajn Tapete Mitolo\u0161ke Elegancije&#8217;, umjetni\u010dku interpretaciju drevnih mitova o\u017eivljenih kroz suvremeni dizajn. Ova tapeta sadr\u017ei o\u010daravaju\u0107e elemente koji spajaju povijesne motive s suvremenim stilom, stvaraju\u0107i upe\u010datljivu vizualnu pri\u010du u svakom prostoru.<\/p>\n","protected":false},"excerpt":{"rendered":"<p>Transformirajte svoj prostor privla\u010dno\u0161\u0107u mitologije i sofisticirano\u0161\u0107u modernog dizajna kroz na\u0161 Dizajn Tapete Mitolo\u0161ke Elegancije.<\/p>\n","protected":false},"featured_media":2278,"template":"","meta":{"_acf_changed":false,"inline_featured_image":false},"product_brand":[],"product_cat":[101,52],"product_tag":[],"class_list":{"0":"post-2271","1":"product","2":"type-product","3":"status-publish","4":"has-post-thumbnail","6":"product_cat-tapete-anticka-umjetnost","7":"product_cat-zidne-tapete","9":"first","10":"instock","11":"shipping-taxable","12":"purchasable","13":"product-type-simple"},"acf":[],"_links":{"self":[{"href":"https:\/\/printde.co\/hr\/wp-json\/wp\/v2\/product\/2271","targetHints":{"allow":["GET"]}}],"collection":[{"href":"https:\/\/printde.co\/hr\/wp-json\/wp\/v2\/product"}],"about":[{"href":"https:\/\/printde.co\/hr\/wp-json\/wp\/v2\/types\/product"}],"wp:featuredmedia":[{"embeddable":true,"href":"https:\/\/printde.co\/hr\/wp-json\/wp\/v2\/media\/2278"}],"wp:attachment":[{"href":"https:\/\/printde.co\/hr\/wp-json\/wp\/v2\/media?parent=2271"}],"wp:term":[{"taxonomy":"product_brand","embeddable":true,"href":"https:\/\/printde.co\/hr\/wp-json\/wp\/v2\/product_brand?post=2271"},{"taxonomy":"product_cat","embeddable":true,"href":"https:\/\/printde.co\/hr\/wp-json\/wp\/v2\/product_cat?post=2271"},{"taxonomy":"product_tag","embeddable":true,"href":"https:\/\/printde.co\/hr\/wp-json\/wp\/v2\/product_tag?post=2271"}],"curies":[{"name":"wp","href":"https:\/\/api.w.org\/{rel}","templated":true}]}}