{"id":2300,"date":"2023-12-26T12:00:44","date_gmt":"2023-12-26T11:00:44","guid":{"rendered":"https:\/\/printde.co\/?post_type=product&#038;p=2300"},"modified":"2024-01-22T21:10:45","modified_gmt":"2024-01-22T20:10:45","slug":"tribalni-tepih-platno-tapeta","status":"publish","type":"product","link":"https:\/\/printde.co\/hr\/proizvod\/tribalni-tepih-platno-tapeta\/","title":{"rendered":"Tapeta Stari Tribalni Tepih s Teksturom Platna"},"content":{"rendered":"<p>Predstavljamo na\u0161u &#8216;Tapetu Stari Tribalni Tepih s Teksturom Platna&#8217;, o\u010daravaju\u0107u mje\u0161avinu tribalne umjetnosti i iluzornog dizajna portreta. S nijansama svijetlo plavog neba i tamno be\u017e boje, ova tapeta hvata su\u0161tinu barokne arhitekture i apstrakcije. Grungy tekstura i \u0161ablone dodaju sloj dubine, \u010dine\u0107i je savr\u0161enim izborom za one koji cijene fuziju povijesne i moderne umjetnosti.<\/p>\n","protected":false},"excerpt":{"rendered":"<p>Dodajte umjetni\u010dku povijest na svoje zidove s na\u0161om tapetom tribalnog tepiha s teksturum platna, mije\u0161aju\u0107i tradicionalne dizajne s modernom apstrakcijom.<\/p>\n","protected":false},"featured_media":2447,"template":"","meta":{"_acf_changed":false,"inline_featured_image":false},"product_brand":[],"product_cat":[60,52],"product_tag":[],"class_list":{"0":"post-2300","1":"product","2":"type-product","3":"status-publish","4":"has-post-thumbnail","6":"product_cat-apstraktne-tapete","7":"product_cat-zidne-tapete","9":"first","10":"instock","11":"shipping-taxable","12":"purchasable","13":"product-type-simple"},"acf":[],"_links":{"self":[{"href":"https:\/\/printde.co\/hr\/wp-json\/wp\/v2\/product\/2300","targetHints":{"allow":["GET"]}}],"collection":[{"href":"https:\/\/printde.co\/hr\/wp-json\/wp\/v2\/product"}],"about":[{"href":"https:\/\/printde.co\/hr\/wp-json\/wp\/v2\/types\/product"}],"wp:featuredmedia":[{"embeddable":true,"href":"https:\/\/printde.co\/hr\/wp-json\/wp\/v2\/media\/2447"}],"wp:attachment":[{"href":"https:\/\/printde.co\/hr\/wp-json\/wp\/v2\/media?parent=2300"}],"wp:term":[{"taxonomy":"product_brand","embeddable":true,"href":"https:\/\/printde.co\/hr\/wp-json\/wp\/v2\/product_brand?post=2300"},{"taxonomy":"product_cat","embeddable":true,"href":"https:\/\/printde.co\/hr\/wp-json\/wp\/v2\/product_cat?post=2300"},{"taxonomy":"product_tag","embeddable":true,"href":"https:\/\/printde.co\/hr\/wp-json\/wp\/v2\/product_tag?post=2300"}],"curies":[{"name":"wp","href":"https:\/\/api.w.org\/{rel}","templated":true}]}}