{"id":2341,"date":"2023-12-29T22:00:42","date_gmt":"2023-12-29T21:00:42","guid":{"rendered":"https:\/\/printde.co\/?post_type=product&#038;p=2341"},"modified":"2024-01-22T21:06:47","modified_gmt":"2024-01-22T20:06:47","slug":"fantazijski-tapet-toplozracni-balon-djeca","status":"publish","type":"product","link":"https:\/\/printde.co\/hr\/proizvod\/fantazijski-tapet-toplozracni-balon-djeca\/","title":{"rendered":"Fantazijski Tapet s Toplozra\u010dnim Balonima za Djecu"},"content":{"rendered":"<p>Krenite na ma\u0161tovito putovanje s na\u0161im &#8216;Fantazijskim Tapetom s Toplozra\u010dnim Balonima za Djecu&#8217;. Smje\u0161ten u sanjivi pejza\u017e nje\u017enih zemljanih i be\u017e boja, ovaj tapet prikazuje toplozra\u010dne balone kako lebde mirno iznad svijeta oblaka i pejza\u017ea. Savr\u0161en je za stvaranje zabavne i ma\u0161tovite atmosfere u bilo kojoj dje\u010djoj sobi.<\/p>\n","protected":false},"excerpt":{"rendered":"<p>Dodajte da\u0161ak fantazije u dje\u010dju sobu s na\u0161im ma\u0161tovitim tapetom s toplozra\u010dnim balonima, inspiriraju\u0107i kreativnost i snove.<\/p>\n","protected":false},"featured_media":2347,"template":"","meta":{"_acf_changed":false,"inline_featured_image":false},"product_brand":[],"product_cat":[66,52],"product_tag":[],"class_list":{"0":"post-2341","1":"product","2":"type-product","3":"status-publish","4":"has-post-thumbnail","6":"product_cat-tapete-djecje-sobe","7":"product_cat-zidne-tapete","9":"first","10":"instock","11":"shipping-taxable","12":"purchasable","13":"product-type-simple"},"acf":[],"_links":{"self":[{"href":"https:\/\/printde.co\/hr\/wp-json\/wp\/v2\/product\/2341","targetHints":{"allow":["GET"]}}],"collection":[{"href":"https:\/\/printde.co\/hr\/wp-json\/wp\/v2\/product"}],"about":[{"href":"https:\/\/printde.co\/hr\/wp-json\/wp\/v2\/types\/product"}],"wp:featuredmedia":[{"embeddable":true,"href":"https:\/\/printde.co\/hr\/wp-json\/wp\/v2\/media\/2347"}],"wp:attachment":[{"href":"https:\/\/printde.co\/hr\/wp-json\/wp\/v2\/media?parent=2341"}],"wp:term":[{"taxonomy":"product_brand","embeddable":true,"href":"https:\/\/printde.co\/hr\/wp-json\/wp\/v2\/product_brand?post=2341"},{"taxonomy":"product_cat","embeddable":true,"href":"https:\/\/printde.co\/hr\/wp-json\/wp\/v2\/product_cat?post=2341"},{"taxonomy":"product_tag","embeddable":true,"href":"https:\/\/printde.co\/hr\/wp-json\/wp\/v2\/product_tag?post=2341"}],"curies":[{"name":"wp","href":"https:\/\/api.w.org\/{rel}","templated":true}]}}