{"id":2488,"date":"2024-01-02T12:00:36","date_gmt":"2024-01-02T11:00:36","guid":{"rendered":"https:\/\/printde.co\/?post_type=product&#038;p=2488"},"modified":"2024-01-22T21:04:03","modified_gmt":"2024-01-22T20:04:03","slug":"djecji-tapet-more-jedrilice-vektorski-stil","status":"publish","type":"product","link":"https:\/\/printde.co\/hr\/proizvod\/djecji-tapet-more-jedrilice-vektorski-stil\/","title":{"rendered":"Dje\u010dji Tapet s Motivom Mora i Jedrilica u Vektorskom Stilu"},"content":{"rendered":"<p>Otplovite u ma\u0161tu s na\u0161im &#8216;Dje\u010djim Tapetom s Motivom Mora i Jedrilica u Vektorskom Stilu&#8217;. Dizajniran u umiruju\u0107im zemljanim i be\u017e tonovima, ovaj tapet prikazuje elegantne vektorske grafike jedrilica na mirnom morskom pozadini. Njegov jednostavan i \u010dist dizajn savr\u0161en je za stvaranje mirne morske atmosfere u bilo kojoj dje\u010djoj sobi.<\/p>\n","protected":false},"excerpt":{"rendered":"<p>Na\u0161 Dje\u010dji Tapet s Motivom Mora i Jedrilica u Vektorskom Stilu donosi ljepotu morskih avantura u dje\u010dju sobu svojim elegantnim i jednostavnim dizajnom.<\/p>\n","protected":false},"featured_media":2482,"template":"","meta":{"_acf_changed":false,"inline_featured_image":false},"product_brand":[],"product_cat":[66,52],"product_tag":[],"class_list":{"0":"post-2488","1":"product","2":"type-product","3":"status-publish","4":"has-post-thumbnail","6":"product_cat-tapete-djecje-sobe","7":"product_cat-zidne-tapete","9":"first","10":"instock","11":"shipping-taxable","12":"purchasable","13":"product-type-simple"},"acf":[],"_links":{"self":[{"href":"https:\/\/printde.co\/hr\/wp-json\/wp\/v2\/product\/2488","targetHints":{"allow":["GET"]}}],"collection":[{"href":"https:\/\/printde.co\/hr\/wp-json\/wp\/v2\/product"}],"about":[{"href":"https:\/\/printde.co\/hr\/wp-json\/wp\/v2\/types\/product"}],"wp:featuredmedia":[{"embeddable":true,"href":"https:\/\/printde.co\/hr\/wp-json\/wp\/v2\/media\/2482"}],"wp:attachment":[{"href":"https:\/\/printde.co\/hr\/wp-json\/wp\/v2\/media?parent=2488"}],"wp:term":[{"taxonomy":"product_brand","embeddable":true,"href":"https:\/\/printde.co\/hr\/wp-json\/wp\/v2\/product_brand?post=2488"},{"taxonomy":"product_cat","embeddable":true,"href":"https:\/\/printde.co\/hr\/wp-json\/wp\/v2\/product_cat?post=2488"},{"taxonomy":"product_tag","embeddable":true,"href":"https:\/\/printde.co\/hr\/wp-json\/wp\/v2\/product_tag?post=2488"}],"curies":[{"name":"wp","href":"https:\/\/api.w.org\/{rel}","templated":true}]}}