{"id":2511,"date":"2024-01-04T12:00:14","date_gmt":"2024-01-04T11:00:14","guid":{"rendered":"https:\/\/printde.co\/?post_type=product&#038;p=2511"},"modified":"2024-01-22T20:59:58","modified_gmt":"2024-01-22T19:59:58","slug":"djecji-vintage-tapet-planine-toplozracni-balon","status":"publish","type":"product","link":"https:\/\/printde.co\/hr\/proizvod\/djecji-vintage-tapet-planine-toplozracni-balon\/","title":{"rendered":"Dje\u010dji Vintage Tapet s Planinama i Toplozra\u010dnim Balonima"},"content":{"rendered":"<p>Zapo\u010dnite ma\u0161tovito putovanje s na\u0161im &#8216;Dje\u010djim Vintage Tapetom s Planinama i Toplozra\u010dnim Balonima&#8217;. Ovaj jednostavan 2D crte\u017e donosi duh vintage ilustracija, prikazuju\u0107i veseli planinski pejza\u017e i \u0161arene toplozra\u010dne balone. Savr\u0161en za stvaranje vedre i ma\u0161tovite atmosfere u bilo kojoj dje\u010djoj sobi.<\/p>\n","protected":false},"excerpt":{"rendered":"<p>Na\u0161 Dje\u010dji Vintage Tapet s planinama i toplozra\u010dnim balonima stvara veseli i \u017eivahni svijet, idealan za poticanje ma\u0161te kod djece.<\/p>\n","protected":false},"featured_media":2517,"template":"","meta":{"_acf_changed":false,"inline_featured_image":false},"product_brand":[],"product_cat":[66,52],"product_tag":[],"class_list":{"0":"post-2511","1":"product","2":"type-product","3":"status-publish","4":"has-post-thumbnail","6":"product_cat-tapete-djecje-sobe","7":"product_cat-zidne-tapete","9":"first","10":"instock","11":"shipping-taxable","12":"purchasable","13":"product-type-simple"},"acf":[],"_links":{"self":[{"href":"https:\/\/printde.co\/hr\/wp-json\/wp\/v2\/product\/2511","targetHints":{"allow":["GET"]}}],"collection":[{"href":"https:\/\/printde.co\/hr\/wp-json\/wp\/v2\/product"}],"about":[{"href":"https:\/\/printde.co\/hr\/wp-json\/wp\/v2\/types\/product"}],"wp:featuredmedia":[{"embeddable":true,"href":"https:\/\/printde.co\/hr\/wp-json\/wp\/v2\/media\/2517"}],"wp:attachment":[{"href":"https:\/\/printde.co\/hr\/wp-json\/wp\/v2\/media?parent=2511"}],"wp:term":[{"taxonomy":"product_brand","embeddable":true,"href":"https:\/\/printde.co\/hr\/wp-json\/wp\/v2\/product_brand?post=2511"},{"taxonomy":"product_cat","embeddable":true,"href":"https:\/\/printde.co\/hr\/wp-json\/wp\/v2\/product_cat?post=2511"},{"taxonomy":"product_tag","embeddable":true,"href":"https:\/\/printde.co\/hr\/wp-json\/wp\/v2\/product_tag?post=2511"}],"curies":[{"name":"wp","href":"https:\/\/api.w.org\/{rel}","templated":true}]}}