{"id":2556,"date":"2024-01-08T12:00:27","date_gmt":"2024-01-08T11:00:27","guid":{"rendered":"https:\/\/printde.co\/?post_type=product&#038;p=2556"},"modified":"2024-01-22T20:54:19","modified_gmt":"2024-01-22T19:54:19","slug":"plavo-bijeli-akvarel-tapet-bambus-ptice","status":"publish","type":"product","link":"https:\/\/printde.co\/hr\/proizvod\/plavo-bijeli-akvarel-tapet-bambus-ptice\/","title":{"rendered":"Plavo-Bijeli Akvarel Tapet Bambusa s Pticama"},"content":{"rendered":"<p>Na\u0161 &#8216;Plavo-Bijeli Akvarel Tapet Bambusa s Pticama uhvatio je mirnu ljepotu prirode. Minuciozno dizajniran, sadr\u017ei scenu bambusa u plavim i bijelim tonovima, upotpunjenu gracioznim pticama na bijeloj pozadini. Akcenti tamnog zlata i sive dodaju dodir spektakularne elegancije, savr\u0161eni za stvaranje mirne i sofisticirane pozadine u bilo kojem prostoru.<\/p>\n","protected":false},"excerpt":{"rendered":"<p>Do\u017eivite sklad prirode s na\u0161im plavo-bijelim akvarel tapetom bambusa, ukra\u0161enim elegantnim pticama i sofisticiranim tonovima tamnog zlata i sive.<\/p>\n","protected":false},"featured_media":2562,"template":"","meta":{"_acf_changed":false,"inline_featured_image":false},"product_brand":[],"product_cat":[59,52],"product_tag":[],"class_list":{"0":"post-2556","1":"product","2":"type-product","3":"status-publish","4":"has-post-thumbnail","6":"product_cat-flora-zivotinje-tapete","7":"product_cat-zidne-tapete","9":"first","10":"instock","11":"shipping-taxable","12":"purchasable","13":"product-type-simple"},"acf":[],"_links":{"self":[{"href":"https:\/\/printde.co\/hr\/wp-json\/wp\/v2\/product\/2556","targetHints":{"allow":["GET"]}}],"collection":[{"href":"https:\/\/printde.co\/hr\/wp-json\/wp\/v2\/product"}],"about":[{"href":"https:\/\/printde.co\/hr\/wp-json\/wp\/v2\/types\/product"}],"wp:featuredmedia":[{"embeddable":true,"href":"https:\/\/printde.co\/hr\/wp-json\/wp\/v2\/media\/2562"}],"wp:attachment":[{"href":"https:\/\/printde.co\/hr\/wp-json\/wp\/v2\/media?parent=2556"}],"wp:term":[{"taxonomy":"product_brand","embeddable":true,"href":"https:\/\/printde.co\/hr\/wp-json\/wp\/v2\/product_brand?post=2556"},{"taxonomy":"product_cat","embeddable":true,"href":"https:\/\/printde.co\/hr\/wp-json\/wp\/v2\/product_cat?post=2556"},{"taxonomy":"product_tag","embeddable":true,"href":"https:\/\/printde.co\/hr\/wp-json\/wp\/v2\/product_tag?post=2556"}],"curies":[{"name":"wp","href":"https:\/\/api.w.org\/{rel}","templated":true}]}}