{"id":2581,"date":"2024-01-10T13:00:52","date_gmt":"2024-01-10T12:00:52","guid":{"rendered":"https:\/\/printde.co\/?post_type=product&#038;p=2581"},"modified":"2024-01-22T20:51:30","modified_gmt":"2024-01-22T19:51:30","slug":"claude-monet-impresionisticka-tapeta","status":"publish","type":"product","link":"https:\/\/printde.co\/hr\/proizvod\/claude-monet-impresionisticka-tapeta\/","title":{"rendered":"Tapeta Inspirirana Claude Monetom: Dodir Impresionizma"},"content":{"rendered":"<p>Zaronite u svijet impresionizma s na\u0161om tapetom inspiriranom Claude Monetom, idealnom za ispis visoke rezolucije. Svaki dizajn divno hvata bit Monetovih voljenih prizora vrta i vodenih ljiljana, isti\u010du\u0107i skladno spajanje svjetla i boje. Unesite ove \u017eivopisne i atmosferi\u010dne umjetni\u010dke radove u svoj prostor za o\u010daravaju\u0107e vizualno iskustvo<\/p>\n","protected":false},"excerpt":{"rendered":"<p>Do\u017eivite \u010daroliju Monetovog impresionizma u svom domu s na\u0161om \u017eivopisnom i atmosferi\u010dnom tapetom, koja hvata bit njegovih ikoni\u010dnih prizora vrta i vodenih ljiljana.<\/p>\n","protected":false},"featured_media":2587,"template":"","meta":{"_acf_changed":false,"inline_featured_image":false},"product_brand":[],"product_cat":[52,104],"product_tag":[],"class_list":{"0":"post-2581","1":"product","2":"type-product","3":"status-publish","4":"has-post-thumbnail","6":"product_cat-zidne-tapete","7":"product_cat-umjetnost-dizajn-tapete","9":"first","10":"instock","11":"shipping-taxable","12":"purchasable","13":"product-type-simple"},"acf":[],"_links":{"self":[{"href":"https:\/\/printde.co\/hr\/wp-json\/wp\/v2\/product\/2581","targetHints":{"allow":["GET"]}}],"collection":[{"href":"https:\/\/printde.co\/hr\/wp-json\/wp\/v2\/product"}],"about":[{"href":"https:\/\/printde.co\/hr\/wp-json\/wp\/v2\/types\/product"}],"wp:featuredmedia":[{"embeddable":true,"href":"https:\/\/printde.co\/hr\/wp-json\/wp\/v2\/media\/2587"}],"wp:attachment":[{"href":"https:\/\/printde.co\/hr\/wp-json\/wp\/v2\/media?parent=2581"}],"wp:term":[{"taxonomy":"product_brand","embeddable":true,"href":"https:\/\/printde.co\/hr\/wp-json\/wp\/v2\/product_brand?post=2581"},{"taxonomy":"product_cat","embeddable":true,"href":"https:\/\/printde.co\/hr\/wp-json\/wp\/v2\/product_cat?post=2581"},{"taxonomy":"product_tag","embeddable":true,"href":"https:\/\/printde.co\/hr\/wp-json\/wp\/v2\/product_tag?post=2581"}],"curies":[{"name":"wp","href":"https:\/\/api.w.org\/{rel}","templated":true}]}}