{"id":2592,"date":"2024-01-11T13:00:59","date_gmt":"2024-01-11T12:00:59","guid":{"rendered":"https:\/\/printde.co\/?post_type=product&#038;p=2592"},"modified":"2024-01-22T20:50:11","modified_gmt":"2024-01-22T19:50:11","slug":"gustav-klimt-pejzazna-tapeta","status":"publish","type":"product","link":"https:\/\/printde.co\/hr\/proizvod\/gustav-klimt-pejzazna-tapeta\/","title":{"rendered":"Tapeta Inspirirana Gustavom Klimtom &#8211; Pejza\u017ei"},"content":{"rendered":"<p>Otkrijte mir s na\u0161om tapetom inspiriranom Gustavom Klimtom, idealnom za ispis visoke rezolucije. Svaki dizajn odra\u017eava Klimtov umiruju\u0107i pejza\u017eni umjetni\u010dki rad, isti\u010du\u0107i suptilne i zemljane boje. Do\u017eivite eleganciju i mir u svakom detalju, hvataju\u0107i bit mirne prirode u va\u0161em prostoru.<\/p>\n","protected":false},"excerpt":{"rendered":"<p>Podignite svoj dekor s elegancijom Gustava Klimta pejza\u017ea. Na\u0161e tapete o\u017eivljavaju mirne prirodne scene s gracioznim, zemljanim tonovima.<\/p>\n","protected":false},"featured_media":2598,"template":"","meta":{"_acf_changed":false,"inline_featured_image":false},"product_brand":[],"product_cat":[52,104],"product_tag":[],"class_list":{"0":"post-2592","1":"product","2":"type-product","3":"status-publish","4":"has-post-thumbnail","6":"product_cat-zidne-tapete","7":"product_cat-umjetnost-dizajn-tapete","9":"first","10":"instock","11":"shipping-taxable","12":"purchasable","13":"product-type-simple"},"acf":[],"_links":{"self":[{"href":"https:\/\/printde.co\/hr\/wp-json\/wp\/v2\/product\/2592","targetHints":{"allow":["GET"]}}],"collection":[{"href":"https:\/\/printde.co\/hr\/wp-json\/wp\/v2\/product"}],"about":[{"href":"https:\/\/printde.co\/hr\/wp-json\/wp\/v2\/types\/product"}],"wp:featuredmedia":[{"embeddable":true,"href":"https:\/\/printde.co\/hr\/wp-json\/wp\/v2\/media\/2598"}],"wp:attachment":[{"href":"https:\/\/printde.co\/hr\/wp-json\/wp\/v2\/media?parent=2592"}],"wp:term":[{"taxonomy":"product_brand","embeddable":true,"href":"https:\/\/printde.co\/hr\/wp-json\/wp\/v2\/product_brand?post=2592"},{"taxonomy":"product_cat","embeddable":true,"href":"https:\/\/printde.co\/hr\/wp-json\/wp\/v2\/product_cat?post=2592"},{"taxonomy":"product_tag","embeddable":true,"href":"https:\/\/printde.co\/hr\/wp-json\/wp\/v2\/product_tag?post=2592"}],"curies":[{"name":"wp","href":"https:\/\/api.w.org\/{rel}","templated":true}]}}