{"id":2615,"date":"2024-01-13T13:00:23","date_gmt":"2024-01-13T12:00:23","guid":{"rendered":"https:\/\/printde.co\/?post_type=product&#038;p=2615"},"modified":"2024-01-22T20:47:01","modified_gmt":"2024-01-22T19:47:01","slug":"etericne-x-ray-cvjetne-tapete","status":"publish","type":"product","link":"https:\/\/printde.co\/hr\/proizvod\/etericne-x-ray-cvjetne-tapete\/","title":{"rendered":"O\u010daravaju\u0107e Prolje\u0107e: Eteri\u010dne X-Ray Cvjetne Tapete"},"content":{"rendered":"<p>Otkrijte svijet mirne ljepote s na\u0161im eteri\u010dnim X-Ray cvjetnim tapetama. Nadahnute nje\u017enim \u010dudima prolje\u0107a, ove tapete sadr\u017ee meke, prozirne cvjetne dizajne u fotorealisti\u010dnoj kvaliteti. U\u017eivajte u eleganciji svijetlih pastelnih tonova, od nje\u017eno bijelih i ru\u017ei\u010dastih do suptilnih zelenih i plavih, stvaraju\u0107i mirnu i sofisticiranu atmosferu u svakom prostoru.<\/p>\n","protected":false},"excerpt":{"rendered":"<p>Transformirajte svoj prostor delikatnim \u0161armom na\u0161ih Eteri\u010dnih X-Ray Cvjetnih Tapeta, uhva\u0107aju\u0107i esenciju prolje\u0107a u fotorealisti\u010dnom detalju.<\/p>\n","protected":false},"featured_media":2620,"template":"","meta":{"_acf_changed":false,"inline_featured_image":false},"product_brand":[],"product_cat":[59,52],"product_tag":[],"class_list":{"0":"post-2615","1":"product","2":"type-product","3":"status-publish","4":"has-post-thumbnail","6":"product_cat-flora-zivotinje-tapete","7":"product_cat-zidne-tapete","9":"first","10":"instock","11":"shipping-taxable","12":"purchasable","13":"product-type-simple"},"acf":[],"_links":{"self":[{"href":"https:\/\/printde.co\/hr\/wp-json\/wp\/v2\/product\/2615","targetHints":{"allow":["GET"]}}],"collection":[{"href":"https:\/\/printde.co\/hr\/wp-json\/wp\/v2\/product"}],"about":[{"href":"https:\/\/printde.co\/hr\/wp-json\/wp\/v2\/types\/product"}],"wp:featuredmedia":[{"embeddable":true,"href":"https:\/\/printde.co\/hr\/wp-json\/wp\/v2\/media\/2620"}],"wp:attachment":[{"href":"https:\/\/printde.co\/hr\/wp-json\/wp\/v2\/media?parent=2615"}],"wp:term":[{"taxonomy":"product_brand","embeddable":true,"href":"https:\/\/printde.co\/hr\/wp-json\/wp\/v2\/product_brand?post=2615"},{"taxonomy":"product_cat","embeddable":true,"href":"https:\/\/printde.co\/hr\/wp-json\/wp\/v2\/product_cat?post=2615"},{"taxonomy":"product_tag","embeddable":true,"href":"https:\/\/printde.co\/hr\/wp-json\/wp\/v2\/product_tag?post=2615"}],"curies":[{"name":"wp","href":"https:\/\/api.w.org\/{rel}","templated":true}]}}