{"id":2644,"date":"2024-01-16T13:00:24","date_gmt":"2024-01-16T12:00:24","guid":{"rendered":"https:\/\/printde.co\/?post_type=product&#038;p=2644"},"modified":"2024-01-17T18:44:38","modified_gmt":"2024-01-17T17:44:38","slug":"sanjiva-tisina-vitka-stabla-njezni-brijegovi","status":"publish","type":"product","link":"https:\/\/printde.co\/hr\/proizvod\/sanjiva-tisina-vitka-stabla-njezni-brijegovi\/","title":{"rendered":"Sanjiva Ti\u0161ina: Vitka Stabla i Nje\u017eni Brijegovi u Pastelu"},"content":{"rendered":"<p>Zaronite u mirnu ljepotu na\u0161e tapete &#8216;Sanjiva Ti\u0161ina&#8217;. Ovaj sereni pejza\u017e prikazuje trio visokih, vitkih stabala koja se isti\u010du u prednjem planu, \u010dije li\u0161\u0107e nje\u017eno ple\u0161e na povjetarcu. Nje\u017eni, valoviti brijegovi u pozadini prelaze u maglovit horizont, stvaraju\u0107i sanjivi, impresionisti\u010dki efekt. Zatomljena paleta boja pastelnih zelenih i \u017eutih nijansi kupa scenu u mekom svjetlu obla\u010dnog neba, isti\u010du\u0107i tiho veli\u010danstvo stabala.<\/p>\n","protected":false},"excerpt":{"rendered":"<p>Donesite dodir sanjive ti\u0161ine u svoj prostor s na\u0161om tapetom &#8216;Sanjiva Ti\u0161ina&#8217;, gdje se vitka stabla i nje\u017eni brijegovi spajaju u prekrasnom pastelnom pejza\u017eu.<\/p>\n","protected":false},"featured_media":2647,"template":"","meta":{"_acf_changed":false,"inline_featured_image":false},"product_brand":[],"product_cat":[59,52,104],"product_tag":[],"class_list":{"0":"post-2644","1":"product","2":"type-product","3":"status-publish","4":"has-post-thumbnail","6":"product_cat-flora-zivotinje-tapete","7":"product_cat-zidne-tapete","8":"product_cat-umjetnost-dizajn-tapete","10":"first","11":"instock","12":"shipping-taxable","13":"purchasable","14":"product-type-simple"},"acf":[],"_links":{"self":[{"href":"https:\/\/printde.co\/hr\/wp-json\/wp\/v2\/product\/2644","targetHints":{"allow":["GET"]}}],"collection":[{"href":"https:\/\/printde.co\/hr\/wp-json\/wp\/v2\/product"}],"about":[{"href":"https:\/\/printde.co\/hr\/wp-json\/wp\/v2\/types\/product"}],"wp:featuredmedia":[{"embeddable":true,"href":"https:\/\/printde.co\/hr\/wp-json\/wp\/v2\/media\/2647"}],"wp:attachment":[{"href":"https:\/\/printde.co\/hr\/wp-json\/wp\/v2\/media?parent=2644"}],"wp:term":[{"taxonomy":"product_brand","embeddable":true,"href":"https:\/\/printde.co\/hr\/wp-json\/wp\/v2\/product_brand?post=2644"},{"taxonomy":"product_cat","embeddable":true,"href":"https:\/\/printde.co\/hr\/wp-json\/wp\/v2\/product_cat?post=2644"},{"taxonomy":"product_tag","embeddable":true,"href":"https:\/\/printde.co\/hr\/wp-json\/wp\/v2\/product_tag?post=2644"}],"curies":[{"name":"wp","href":"https:\/\/api.w.org\/{rel}","templated":true}]}}