{"id":2654,"date":"2024-01-17T13:02:34","date_gmt":"2024-01-17T12:02:34","guid":{"rendered":"https:\/\/printde.co\/?post_type=product&#038;p=2654"},"modified":"2024-01-17T18:19:45","modified_gmt":"2024-01-17T17:19:45","slug":"misticna-suma-velicanstvena-stabla-starinski-stil","status":"publish","type":"product","link":"https:\/\/printde.co\/hr\/proizvod\/misticna-suma-velicanstvena-stabla-starinski-stil\/","title":{"rendered":"Misti\u010dna \u0160uma: Veli\u010danstvena Stabla u Starinskom Stilu"},"content":{"rendered":"<p>Otkrijte bezvremensku ljepotu prirode s na\u0161om tapetom &#8216;Misti\u010dna \u0160uma&#8217;. Ova atmosferi\u010dna pejza\u017ena slika prikazuje \u0161umu veli\u010danstvenih stabala s gustim, listnatim kro\u0161njama na nje\u017enom bre\u017euljku. Stabla su prikazana u skladnoj mje\u0161avini hladnih i toplih zelenih tonova, nagla\u0161ena tragovima zemljanih sme\u0111ih boja, sugeriraju\u0107i bujno, vla\u017eno okru\u017eenje. Pozadina je izra\u0111ena mekim potezima kista, stvaraju\u0107i maglovit, izmagli\u010dast efekt koji dodaje dubinu i mirno\u0107u sceni. Zemlja s nje\u017enim konturama i delikatnim podrastom prikazana je u starinskom, vintage stilu slikanja, bude\u0107i osje\u0107aj nostalgije i spokoja.<\/p>\n","protected":false},"excerpt":{"rendered":"<p>Obogatite svoj prostor bezvremenskom elegancijom na\u0161e tapete &#8216;Misti\u010dna \u0160uma&#8217;, gdje se veli\u010danstvena stabla i magloviti pejza\u017e spajaju u prekrasnom starinskom stilu.<\/p>\n","protected":false},"featured_media":2666,"template":"","meta":{"_acf_changed":false,"inline_featured_image":false},"product_brand":[],"product_cat":[59,52,104],"product_tag":[],"class_list":{"0":"post-2654","1":"product","2":"type-product","3":"status-publish","4":"has-post-thumbnail","6":"product_cat-flora-zivotinje-tapete","7":"product_cat-zidne-tapete","8":"product_cat-umjetnost-dizajn-tapete","10":"first","11":"instock","12":"shipping-taxable","13":"purchasable","14":"product-type-simple"},"acf":[],"_links":{"self":[{"href":"https:\/\/printde.co\/hr\/wp-json\/wp\/v2\/product\/2654","targetHints":{"allow":["GET"]}}],"collection":[{"href":"https:\/\/printde.co\/hr\/wp-json\/wp\/v2\/product"}],"about":[{"href":"https:\/\/printde.co\/hr\/wp-json\/wp\/v2\/types\/product"}],"wp:featuredmedia":[{"embeddable":true,"href":"https:\/\/printde.co\/hr\/wp-json\/wp\/v2\/media\/2666"}],"wp:attachment":[{"href":"https:\/\/printde.co\/hr\/wp-json\/wp\/v2\/media?parent=2654"}],"wp:term":[{"taxonomy":"product_brand","embeddable":true,"href":"https:\/\/printde.co\/hr\/wp-json\/wp\/v2\/product_brand?post=2654"},{"taxonomy":"product_cat","embeddable":true,"href":"https:\/\/printde.co\/hr\/wp-json\/wp\/v2\/product_cat?post=2654"},{"taxonomy":"product_tag","embeddable":true,"href":"https:\/\/printde.co\/hr\/wp-json\/wp\/v2\/product_tag?post=2654"}],"curies":[{"name":"wp","href":"https:\/\/api.w.org\/{rel}","templated":true}]}}