{"id":2673,"date":"2024-01-19T13:00:21","date_gmt":"2024-01-19T12:00:21","guid":{"rendered":"https:\/\/printde.co\/?post_type=product&#038;p=2673"},"modified":"2024-01-22T20:39:52","modified_gmt":"2024-01-22T19:39:52","slug":"starinski-sik-njezni-cvjetni-akvarel","status":"publish","type":"product","link":"https:\/\/printde.co\/hr\/proizvod\/starinski-sik-njezni-cvjetni-akvarel\/","title":{"rendered":"Starinski \u0160ik: Nje\u017eni Cvjetni Akvarel na Teksturiranom Betonu"},"content":{"rendered":"<p>Zagrlite \u0161arm starog svijeta s na\u0161om tapetom &#8216;Shabby Chic&#8217;. Ova nje\u017ena cvjetna kompozicija sadr\u017ei blijedo ru\u017ei\u010daste cvjetove s decentnim zelenim li\u0161\u0107em, elegantno polo\u017eenim na teksturiranu betonsku pozadinu. Akvarelna tehnika dodaje sanjiv, shabby chic izgled, savr\u0161en za dodavanje da\u0161ka starinskog sofisticiranja u bilo koji prostor.<\/p>\n","protected":false},"excerpt":{"rendered":"<p>Dodajte starinski dodir va\u0161em dekoru s na\u0161om tapetom &#8216;Starinski \u0160ik&#8217;, gdje se nje\u017eni blijedo ru\u017ei\u010dasti cvjetovi sre\u0107u s teksturiranim betonskim pozadinom u akvarelnom \u0161armu.<\/p>\n","protected":false},"featured_media":2680,"template":"","meta":{"_acf_changed":false,"inline_featured_image":false},"product_brand":[],"product_cat":[59,52],"product_tag":[],"class_list":{"0":"post-2673","1":"product","2":"type-product","3":"status-publish","4":"has-post-thumbnail","6":"product_cat-flora-zivotinje-tapete","7":"product_cat-zidne-tapete","9":"first","10":"instock","11":"shipping-taxable","12":"purchasable","13":"product-type-simple"},"acf":[],"_links":{"self":[{"href":"https:\/\/printde.co\/hr\/wp-json\/wp\/v2\/product\/2673","targetHints":{"allow":["GET"]}}],"collection":[{"href":"https:\/\/printde.co\/hr\/wp-json\/wp\/v2\/product"}],"about":[{"href":"https:\/\/printde.co\/hr\/wp-json\/wp\/v2\/types\/product"}],"wp:featuredmedia":[{"embeddable":true,"href":"https:\/\/printde.co\/hr\/wp-json\/wp\/v2\/media\/2680"}],"wp:attachment":[{"href":"https:\/\/printde.co\/hr\/wp-json\/wp\/v2\/media?parent=2673"}],"wp:term":[{"taxonomy":"product_brand","embeddable":true,"href":"https:\/\/printde.co\/hr\/wp-json\/wp\/v2\/product_brand?post=2673"},{"taxonomy":"product_cat","embeddable":true,"href":"https:\/\/printde.co\/hr\/wp-json\/wp\/v2\/product_cat?post=2673"},{"taxonomy":"product_tag","embeddable":true,"href":"https:\/\/printde.co\/hr\/wp-json\/wp\/v2\/product_tag?post=2673"}],"curies":[{"name":"wp","href":"https:\/\/api.w.org\/{rel}","templated":true}]}}