{"id":2686,"date":"2024-01-21T13:00:31","date_gmt":"2024-01-21T12:00:31","guid":{"rendered":"https:\/\/printde.co\/?post_type=product&#038;p=2686"},"modified":"2024-01-22T20:37:31","modified_gmt":"2024-01-22T19:37:31","slug":"monokromatska-elegancija-sjenke-palmi","status":"publish","type":"product","link":"https:\/\/printde.co\/hr\/proizvod\/monokromatska-elegancija-sjenke-palmi\/","title":{"rendered":"Monokromatska Elegancija: Sjenke Palmi na Teksturiranom Zidu"},"content":{"rendered":"<p>Zaronite u eleganciju monokromatskog s na\u0161om zidnom tapetom &#8216;Monokromatska Elegancija&#8217;. Ovaj dizajn visokog kontrasta crno-bijelih listova palmi stvara slo\u017eene sjene na teksturiranom zidu, nude\u0107i serenu i atmosferi\u010dnu kompoziciju. O\u0161tar fokus na rubovima listova palmi, zajedno sa suptilnim prijelazom od svjetla do tame, izaziva osje\u0107aj smirenosti i jednostavnosti, savr\u0161en za unaprje\u0111enje svakog sofisticiranog interijera.<\/p>\n","protected":false},"excerpt":{"rendered":"<p>Podignite svoj interijer s na\u0161om zidnom tapetom &#8216;Monokromatska Elegancija&#8217;, gdje ljepota sjena palmi u crno-bijelom stvara mirnu atmosferu.<\/p>\n","protected":false},"featured_media":2691,"template":"","meta":{"_acf_changed":false,"inline_featured_image":false},"product_brand":[],"product_cat":[59,52],"product_tag":[],"class_list":{"0":"post-2686","1":"product","2":"type-product","3":"status-publish","4":"has-post-thumbnail","6":"product_cat-flora-zivotinje-tapete","7":"product_cat-zidne-tapete","9":"first","10":"instock","11":"shipping-taxable","12":"purchasable","13":"product-type-simple"},"acf":[],"_links":{"self":[{"href":"https:\/\/printde.co\/hr\/wp-json\/wp\/v2\/product\/2686","targetHints":{"allow":["GET"]}}],"collection":[{"href":"https:\/\/printde.co\/hr\/wp-json\/wp\/v2\/product"}],"about":[{"href":"https:\/\/printde.co\/hr\/wp-json\/wp\/v2\/types\/product"}],"wp:featuredmedia":[{"embeddable":true,"href":"https:\/\/printde.co\/hr\/wp-json\/wp\/v2\/media\/2691"}],"wp:attachment":[{"href":"https:\/\/printde.co\/hr\/wp-json\/wp\/v2\/media?parent=2686"}],"wp:term":[{"taxonomy":"product_brand","embeddable":true,"href":"https:\/\/printde.co\/hr\/wp-json\/wp\/v2\/product_brand?post=2686"},{"taxonomy":"product_cat","embeddable":true,"href":"https:\/\/printde.co\/hr\/wp-json\/wp\/v2\/product_cat?post=2686"},{"taxonomy":"product_tag","embeddable":true,"href":"https:\/\/printde.co\/hr\/wp-json\/wp\/v2\/product_tag?post=2686"}],"curies":[{"name":"wp","href":"https:\/\/api.w.org\/{rel}","templated":true}]}}