{"id":2695,"date":"2024-01-20T13:00:27","date_gmt":"2024-01-20T12:00:27","guid":{"rendered":"https:\/\/printde.co\/?post_type=product&#038;p=2695"},"modified":"2024-01-22T20:38:43","modified_gmt":"2024-01-22T19:38:43","slug":"pastelni-eukaliptus-miran-pejzaz","status":"publish","type":"product","link":"https:\/\/printde.co\/hr\/proizvod\/pastelni-eukaliptus-miran-pejzaz\/","title":{"rendered":"Pastelni Eukaliptus: Miran Pejza\u017e s Maglovitim Brijegovima"},"content":{"rendered":"<p>Uronite u mir prirode s na\u0161om zidnom tapetom &#8216;Pastelni Eukaliptus&#8217;. Ovaj miran prizor prikazuje tri visoka stabla eukaliptusa istaknuta u prednjem planu, s mekom, maglovitom atmosferom koja obavija udaljene valovite bre\u017euljke. Paleta pastelnih boja, koja podsje\u0107a na ranojutarnju izmaglicu, nje\u017eno prelazi od zlatno obojene trave na bazi do hladnih, plavkastih nijansi udaljenih bre\u017euljaka. \u0160iroka kompozicija hvata prostranstvo pejza\u017ea, fokusiraju\u0107i se na teksturu i delikatnu igru svjetla i sjene, stvaraju\u0107i miran i atmosferi\u010dan ruralni pejza\u017e.<\/p>\n","protected":false},"excerpt":{"rendered":"<p>Pretvorite svoj prostor u mirno uto\u010di\u0161te s na\u0161om zidnom tapetom &#8216;Pastelni Eukaliptus&#8217;, gdje meke pastele i nje\u017eno svjetlo stvaraju miran ruralni prizor.<\/p>\n","protected":false},"featured_media":2701,"template":"","meta":{"_acf_changed":false,"inline_featured_image":false},"product_brand":[],"product_cat":[59,52],"product_tag":[],"class_list":{"0":"post-2695","1":"product","2":"type-product","3":"status-publish","4":"has-post-thumbnail","6":"product_cat-flora-zivotinje-tapete","7":"product_cat-zidne-tapete","9":"first","10":"instock","11":"shipping-taxable","12":"purchasable","13":"product-type-simple"},"acf":[],"_links":{"self":[{"href":"https:\/\/printde.co\/hr\/wp-json\/wp\/v2\/product\/2695","targetHints":{"allow":["GET"]}}],"collection":[{"href":"https:\/\/printde.co\/hr\/wp-json\/wp\/v2\/product"}],"about":[{"href":"https:\/\/printde.co\/hr\/wp-json\/wp\/v2\/types\/product"}],"wp:featuredmedia":[{"embeddable":true,"href":"https:\/\/printde.co\/hr\/wp-json\/wp\/v2\/media\/2701"}],"wp:attachment":[{"href":"https:\/\/printde.co\/hr\/wp-json\/wp\/v2\/media?parent=2695"}],"wp:term":[{"taxonomy":"product_brand","embeddable":true,"href":"https:\/\/printde.co\/hr\/wp-json\/wp\/v2\/product_brand?post=2695"},{"taxonomy":"product_cat","embeddable":true,"href":"https:\/\/printde.co\/hr\/wp-json\/wp\/v2\/product_cat?post=2695"},{"taxonomy":"product_tag","embeddable":true,"href":"https:\/\/printde.co\/hr\/wp-json\/wp\/v2\/product_tag?post=2695"}],"curies":[{"name":"wp","href":"https:\/\/api.w.org\/{rel}","templated":true}]}}