{"id":2705,"date":"2024-01-22T13:00:49","date_gmt":"2024-01-22T12:00:49","guid":{"rendered":"https:\/\/printde.co\/?post_type=product&#038;p=2705"},"modified":"2024-01-22T20:35:45","modified_gmt":"2024-01-22T19:35:45","slug":"zlatni-sat-smirenosti-elegantna-stabla","status":"publish","type":"product","link":"https:\/\/printde.co\/hr\/proizvod\/zlatni-sat-smirenosti-elegantna-stabla\/","title":{"rendered":"Zlatni Sat Smirenosti: Elegantna Stabla i Nje\u017eno Pastelno Nebo"},"content":{"rendered":"<p>Do\u017eivite ljepotu zlatnog sata prirode s na\u0161om zidnom tapetom &#8216;Zlatni Sat Smirenosti&#8217;. Ovaj atmosferi\u010dni pejza\u017e prikazuje troje visokih, elegantnih stabala u prednjem planu, s fino detaljiranim nje\u017enim granama i li\u0161\u0107em koje bacaju suptilne sjene na valovito polje ispod. U pozadini, blago valoviti brijegovi stvaraju teksturiranu siluetu protiv mekog, pastelno obojenog neba. Cijela scena okupana je toplim, difuznim svjetlom, stvaraju\u0107i mirno i kontemplativno raspolo\u017eenje. Nje\u017ena izmaglica blago zamagljuje udaljene planine, dodaju\u0107i dubinu i misterij kompoziciji, \u0161to je \u010dini savr\u0161enim komadom za unijeti osje\u0107aj mira i elegancije u bilo koji prostor.<\/p>\n","protected":false},"excerpt":{"rendered":"<p>Obogatite svoj prostor serenom ljepotom na\u0161e tapete &#8216;Zlatni Sat Smirenosti&#8217;, s elegantnim stablima i mekim pastelnim nebom za mirnu atmosferu.<\/p>\n","protected":false},"featured_media":2707,"template":"","meta":{"_acf_changed":false,"inline_featured_image":false},"product_brand":[],"product_cat":[59,52],"product_tag":[],"class_list":{"0":"post-2705","1":"product","2":"type-product","3":"status-publish","4":"has-post-thumbnail","6":"product_cat-flora-zivotinje-tapete","7":"product_cat-zidne-tapete","9":"first","10":"instock","11":"shipping-taxable","12":"purchasable","13":"product-type-simple"},"acf":[],"_links":{"self":[{"href":"https:\/\/printde.co\/hr\/wp-json\/wp\/v2\/product\/2705","targetHints":{"allow":["GET"]}}],"collection":[{"href":"https:\/\/printde.co\/hr\/wp-json\/wp\/v2\/product"}],"about":[{"href":"https:\/\/printde.co\/hr\/wp-json\/wp\/v2\/types\/product"}],"wp:featuredmedia":[{"embeddable":true,"href":"https:\/\/printde.co\/hr\/wp-json\/wp\/v2\/media\/2707"}],"wp:attachment":[{"href":"https:\/\/printde.co\/hr\/wp-json\/wp\/v2\/media?parent=2705"}],"wp:term":[{"taxonomy":"product_brand","embeddable":true,"href":"https:\/\/printde.co\/hr\/wp-json\/wp\/v2\/product_brand?post=2705"},{"taxonomy":"product_cat","embeddable":true,"href":"https:\/\/printde.co\/hr\/wp-json\/wp\/v2\/product_cat?post=2705"},{"taxonomy":"product_tag","embeddable":true,"href":"https:\/\/printde.co\/hr\/wp-json\/wp\/v2\/product_tag?post=2705"}],"curies":[{"name":"wp","href":"https:\/\/api.w.org\/{rel}","templated":true}]}}