{"id":2832,"date":"2024-02-05T12:12:19","date_gmt":"2024-02-05T11:12:19","guid":{"rendered":"https:\/\/printde.co\/?post_type=product&#038;p=2832"},"modified":"2024-02-04T00:20:24","modified_gmt":"2024-02-03T23:20:24","slug":"carobna-sumska-krosnja","status":"publish","type":"product","link":"https:\/\/printde.co\/hr\/proizvod\/carobna-sumska-krosnja\/","title":{"rendered":"\u010carobna \u0160umska Kro\u0161nja: Kaleidoskop Boja u Akvarelu"},"content":{"rendered":"<p>Zakora\u010dite u \u010darobnu \u0161umu s na\u0161om tapetom, gdje drve\u0107e eksplodira u kaleidoskopu \u0161arenih, prozirnih listova. Svako drvo izra\u0111eno je s nje\u017enim akvarelnim pranjima koja se besprijekorno stapaju, formiraju\u0107i vibrantnu kro\u0161nju koja se igra sa svjetlo\u0161\u0107u i zrakom. Ova apstraktno impresionisti\u010dka vizija je istovremeno nadrealna i ekspresivna, pozivaju\u0107i na osje\u0107aj \u010duda i umjetni\u010dkog u\u017eitka svojom fluidno\u0161\u0107u boja.<\/p>\n","protected":false},"excerpt":{"rendered":"<p>Preobrazite svoj prostor magijom &#8216;\u010carobne \u0160umske Krosnje&#8217;, gdje ekspresivna ljepota akvarelnih listova stvara nadrealan \u0161umski pejza\u017e.<\/p>\n","protected":false},"featured_media":2835,"template":"","meta":{"_acf_changed":false,"inline_featured_image":false},"product_brand":[],"product_cat":[59,66,52,104],"product_tag":[],"class_list":{"0":"post-2832","1":"product","2":"type-product","3":"status-publish","4":"has-post-thumbnail","6":"product_cat-flora-zivotinje-tapete","7":"product_cat-tapete-djecje-sobe","8":"product_cat-zidne-tapete","9":"product_cat-umjetnost-dizajn-tapete","11":"first","12":"instock","13":"shipping-taxable","14":"purchasable","15":"product-type-simple"},"acf":[],"_links":{"self":[{"href":"https:\/\/printde.co\/hr\/wp-json\/wp\/v2\/product\/2832","targetHints":{"allow":["GET"]}}],"collection":[{"href":"https:\/\/printde.co\/hr\/wp-json\/wp\/v2\/product"}],"about":[{"href":"https:\/\/printde.co\/hr\/wp-json\/wp\/v2\/types\/product"}],"wp:featuredmedia":[{"embeddable":true,"href":"https:\/\/printde.co\/hr\/wp-json\/wp\/v2\/media\/2835"}],"wp:attachment":[{"href":"https:\/\/printde.co\/hr\/wp-json\/wp\/v2\/media?parent=2832"}],"wp:term":[{"taxonomy":"product_brand","embeddable":true,"href":"https:\/\/printde.co\/hr\/wp-json\/wp\/v2\/product_brand?post=2832"},{"taxonomy":"product_cat","embeddable":true,"href":"https:\/\/printde.co\/hr\/wp-json\/wp\/v2\/product_cat?post=2832"},{"taxonomy":"product_tag","embeddable":true,"href":"https:\/\/printde.co\/hr\/wp-json\/wp\/v2\/product_tag?post=2832"}],"curies":[{"name":"wp","href":"https:\/\/api.w.org\/{rel}","templated":true}]}}