{"id":2852,"date":"2024-02-12T11:55:51","date_gmt":"2024-02-12T10:55:51","guid":{"rendered":"https:\/\/printde.co\/?post_type=product&#038;p=2852"},"modified":"2024-02-12T21:17:18","modified_gmt":"2024-02-12T20:17:18","slug":"vintage-triptih-balerina","status":"publish","type":"product","link":"https:\/\/printde.co\/hr\/proizvod\/vintage-triptih-balerina\/","title":{"rendered":"Vintage Triptih Balerina: Elegancija u Pokretu"},"content":{"rendered":"<p>Otkrijte bezvremensku milinu baleta s na\u0161om tapetom &#8216;Vintage Triptih Balerina&#8217;. Ovaj izuzetan komad prikazuje trio balerina, svaka u stavu pripravnosti, od grand jet\u00e9a do arabeskea. Njihovi tutui zra\u010de dinami\u010dnim prskanjem sjajnih to\u010daka, poput zvijezda na no\u0107nom nebu, postavljenih na pozadini u sepia tonovima. Izra\u017eajni potezi kista dodaju teksturu i pokret, stvaraju\u0107i vintage, ali bezvremenski hommage eleganciji baleta.<\/p>\n","protected":false},"excerpt":{"rendered":"<p>Obogatite svoj dekor s &#8216;Vintage Triptih Balerina&#8217;, gdje stav balerina i sjaj njihovih tutua odaju po\u010dast trajnoj eleganciji baleta.<\/p>\n","protected":false},"featured_media":2858,"template":"","meta":{"_acf_changed":false,"inline_featured_image":false},"product_brand":[],"product_cat":[66,52,104],"product_tag":[],"class_list":{"0":"post-2852","1":"product","2":"type-product","3":"status-publish","4":"has-post-thumbnail","6":"product_cat-tapete-djecje-sobe","7":"product_cat-zidne-tapete","8":"product_cat-umjetnost-dizajn-tapete","10":"first","11":"instock","12":"shipping-taxable","13":"purchasable","14":"product-type-simple"},"acf":[],"_links":{"self":[{"href":"https:\/\/printde.co\/hr\/wp-json\/wp\/v2\/product\/2852","targetHints":{"allow":["GET"]}}],"collection":[{"href":"https:\/\/printde.co\/hr\/wp-json\/wp\/v2\/product"}],"about":[{"href":"https:\/\/printde.co\/hr\/wp-json\/wp\/v2\/types\/product"}],"wp:featuredmedia":[{"embeddable":true,"href":"https:\/\/printde.co\/hr\/wp-json\/wp\/v2\/media\/2858"}],"wp:attachment":[{"href":"https:\/\/printde.co\/hr\/wp-json\/wp\/v2\/media?parent=2852"}],"wp:term":[{"taxonomy":"product_brand","embeddable":true,"href":"https:\/\/printde.co\/hr\/wp-json\/wp\/v2\/product_brand?post=2852"},{"taxonomy":"product_cat","embeddable":true,"href":"https:\/\/printde.co\/hr\/wp-json\/wp\/v2\/product_cat?post=2852"},{"taxonomy":"product_tag","embeddable":true,"href":"https:\/\/printde.co\/hr\/wp-json\/wp\/v2\/product_tag?post=2852"}],"curies":[{"name":"wp","href":"https:\/\/api.w.org\/{rel}","templated":true}]}}