{"id":2862,"date":"2024-02-08T12:15:27","date_gmt":"2024-02-08T11:15:27","guid":{"rendered":"https:\/\/printde.co\/?post_type=product&#038;p=2862"},"modified":"2024-02-06T21:01:11","modified_gmt":"2024-02-06T20:01:11","slug":"bujni-brsljan-jutarnja-slava-mural","status":"publish","type":"product","link":"https:\/\/printde.co\/hr\/proizvod\/bujni-brsljan-jutarnja-slava-mural\/","title":{"rendered":"Bujni Br\u0161ljan &#038; Jutarnja Slava Mural: Eteri\u010dni Vodeni Vrt"},"content":{"rendered":"<p>Preobrazite svoj prostor s na\u0161om tapetom &#8216;Bujni Br\u0161ljan &#038; Jutarnja Slava&#8217;, koja prikazuje \u017eivopisan vrt br\u0161ljana i cvjetova jutarnje slave. \u017divopisno zelene li\u0161\u0107e i nje\u017eni bijeli cvjetovi prikazani su tehnikom akvarela, daju\u0107i sceni sanjivu, eteri\u010dnu kvalitetu. Igra svjetla i sjene o\u017eivljava svaki list i laticu, unose\u0107i osje\u0107aj rasta i spokoja u svaki prostor. Ovaj mural dodaje da\u0161ak prirodne ti\u0161ine va\u0161em domu ili uredu.<\/p>\n","protected":false},"excerpt":{"rendered":"<p>Obogatite svoje okru\u017eenje ti\u0161inom na\u0161e tapete &#8216;Bujni Br\u0161ljan &#038; Jutarnja Slava&#8217;, sanjiv prikaz prirodne spokojnosti u akvarelu.<\/p>\n","protected":false},"featured_media":2867,"template":"","meta":{"_acf_changed":false,"inline_featured_image":false},"product_brand":[],"product_cat":[59,52],"product_tag":[],"class_list":{"0":"post-2862","1":"product","2":"type-product","3":"status-publish","4":"has-post-thumbnail","6":"product_cat-flora-zivotinje-tapete","7":"product_cat-zidne-tapete","9":"first","10":"instock","11":"shipping-taxable","12":"purchasable","13":"product-type-simple"},"acf":[],"_links":{"self":[{"href":"https:\/\/printde.co\/hr\/wp-json\/wp\/v2\/product\/2862","targetHints":{"allow":["GET"]}}],"collection":[{"href":"https:\/\/printde.co\/hr\/wp-json\/wp\/v2\/product"}],"about":[{"href":"https:\/\/printde.co\/hr\/wp-json\/wp\/v2\/types\/product"}],"wp:featuredmedia":[{"embeddable":true,"href":"https:\/\/printde.co\/hr\/wp-json\/wp\/v2\/media\/2867"}],"wp:attachment":[{"href":"https:\/\/printde.co\/hr\/wp-json\/wp\/v2\/media?parent=2862"}],"wp:term":[{"taxonomy":"product_brand","embeddable":true,"href":"https:\/\/printde.co\/hr\/wp-json\/wp\/v2\/product_brand?post=2862"},{"taxonomy":"product_cat","embeddable":true,"href":"https:\/\/printde.co\/hr\/wp-json\/wp\/v2\/product_cat?post=2862"},{"taxonomy":"product_tag","embeddable":true,"href":"https:\/\/printde.co\/hr\/wp-json\/wp\/v2\/product_tag?post=2862"}],"curies":[{"name":"wp","href":"https:\/\/api.w.org\/{rel}","templated":true}]}}