{"id":2879,"date":"2024-02-12T11:45:28","date_gmt":"2024-02-12T10:45:28","guid":{"rendered":"https:\/\/printde.co\/?post_type=product&#038;p=2879"},"modified":"2024-02-06T21:44:49","modified_gmt":"2024-02-06T20:44:49","slug":"boemska-rapsodija-zemljane-boje","status":"publish","type":"product","link":"https:\/\/printde.co\/hr\/proizvod\/boemska-rapsodija-zemljane-boje\/","title":{"rendered":"Boemska Rapsodija: Zemljane Boje u Akvarelu"},"content":{"rendered":"<p>Unesite da\u0161ak boemskog \u0161arma u svoj interijer s na\u0161om tapetom &#8216;Boemska Rapsodija: Zemljane Boje u Akvarelu&#8217;. Ova apstraktna slika u akvarelu savr\u0161eno uskla\u0111uje zemljane tonove sijene, taupe i umbre, ukra\u0161ene delikatnim listovima i gran\u010dicama koje se prote\u017eu preko platna. Ritmi\u010dki uzorak budi osje\u0107aj organske jednostavnosti i elegancije, \u010dine\u0107i je idealnom za stvaranje tople i pozivaju\u0107e atmosfere u bilo kojem interijeru.<\/p>\n","protected":false},"excerpt":{"rendered":"<p>Obogatite svoj prostor boemskim \u0161armom na\u0161e &#8216;Zemljane Boje u Akvarelu&#8217;, muralom koji donosi jednostavnost i toplinu modernim interijerima.<\/p>\n","protected":false},"featured_media":2882,"template":"","meta":{"_acf_changed":false,"inline_featured_image":false},"product_brand":[],"product_cat":[59,52],"product_tag":[],"class_list":{"0":"post-2879","1":"product","2":"type-product","3":"status-publish","4":"has-post-thumbnail","6":"product_cat-flora-zivotinje-tapete","7":"product_cat-zidne-tapete","9":"first","10":"instock","11":"shipping-taxable","12":"purchasable","13":"product-type-simple"},"acf":[],"_links":{"self":[{"href":"https:\/\/printde.co\/hr\/wp-json\/wp\/v2\/product\/2879","targetHints":{"allow":["GET"]}}],"collection":[{"href":"https:\/\/printde.co\/hr\/wp-json\/wp\/v2\/product"}],"about":[{"href":"https:\/\/printde.co\/hr\/wp-json\/wp\/v2\/types\/product"}],"wp:featuredmedia":[{"embeddable":true,"href":"https:\/\/printde.co\/hr\/wp-json\/wp\/v2\/media\/2882"}],"wp:attachment":[{"href":"https:\/\/printde.co\/hr\/wp-json\/wp\/v2\/media?parent=2879"}],"wp:term":[{"taxonomy":"product_brand","embeddable":true,"href":"https:\/\/printde.co\/hr\/wp-json\/wp\/v2\/product_brand?post=2879"},{"taxonomy":"product_cat","embeddable":true,"href":"https:\/\/printde.co\/hr\/wp-json\/wp\/v2\/product_cat?post=2879"},{"taxonomy":"product_tag","embeddable":true,"href":"https:\/\/printde.co\/hr\/wp-json\/wp\/v2\/product_tag?post=2879"}],"curies":[{"name":"wp","href":"https:\/\/api.w.org\/{rel}","templated":true}]}}