{"id":2922,"date":"2024-02-16T13:05:46","date_gmt":"2024-02-16T12:05:46","guid":{"rendered":"https:\/\/printde.co\/?post_type=product&#038;p=2922"},"modified":"2024-02-13T20:28:00","modified_gmt":"2024-02-13T19:28:00","slug":"minimalisticka-elegancija-zidna-tapeta","status":"publish","type":"product","link":"https:\/\/printde.co\/hr\/proizvod\/minimalisticka-elegancija-zidna-tapeta\/","title":{"rendered":"Minimalisti\u010dka Elegancija: Zidna Tapeta s Palmama i Suncem"},"content":{"rendered":"<p>Prona\u0111ite suptilnu ljepotu na\u0161e &#8216;Minimalisti\u010dke Elegancije: Zidna Tapeta s Palmama i Suncem&#8217;. Ovaj umjetni\u010dki rad predstavlja siluetu o\u0161trih, izdu\u017eenih listova palmi u crnoj boji, postavljenih na pozadini velikog, toplog kruga koji podsje\u0107a na sunce. Krug sunca ima glatku, metalik teksturu, stvaraju\u0107i jednostavan, no upe\u010datljiv kontrast s tamnim listovima palmi. Sun\u010deva silueta, pozicionirana izvan centra, dodaje apstraktnu, suvremenu vibraciju djelu. Be\u017e pozadina je suptilna, omogu\u0107uju\u0107i listovima palmi i suncu da budu sredi\u0161nje to\u010dke. Ukupni dizajn je \u010dist, s fokusom na oblik i kontrast boja, savr\u0161en za modernu temu dekora.<\/p>\n","protected":false},"excerpt":{"rendered":"<p>Obogatite svoj interijer s &#8216;Minimalisti\u010dkom Elegancijom: Zidna Tapeta s Palmama i Suncem&#8217;, zidnom tapetom koja donosi klasi\u010dnu ljepotu i doticaj nostalgije.<\/p>\n","protected":false},"featured_media":2927,"template":"","meta":{"_acf_changed":false,"inline_featured_image":false},"product_brand":[],"product_cat":[59,52,104],"product_tag":[],"class_list":{"0":"post-2922","1":"product","2":"type-product","3":"status-publish","4":"has-post-thumbnail","6":"product_cat-flora-zivotinje-tapete","7":"product_cat-zidne-tapete","8":"product_cat-umjetnost-dizajn-tapete","10":"first","11":"instock","12":"shipping-taxable","13":"purchasable","14":"product-type-simple"},"acf":[],"_links":{"self":[{"href":"https:\/\/printde.co\/hr\/wp-json\/wp\/v2\/product\/2922","targetHints":{"allow":["GET"]}}],"collection":[{"href":"https:\/\/printde.co\/hr\/wp-json\/wp\/v2\/product"}],"about":[{"href":"https:\/\/printde.co\/hr\/wp-json\/wp\/v2\/types\/product"}],"wp:featuredmedia":[{"embeddable":true,"href":"https:\/\/printde.co\/hr\/wp-json\/wp\/v2\/media\/2927"}],"wp:attachment":[{"href":"https:\/\/printde.co\/hr\/wp-json\/wp\/v2\/media?parent=2922"}],"wp:term":[{"taxonomy":"product_brand","embeddable":true,"href":"https:\/\/printde.co\/hr\/wp-json\/wp\/v2\/product_brand?post=2922"},{"taxonomy":"product_cat","embeddable":true,"href":"https:\/\/printde.co\/hr\/wp-json\/wp\/v2\/product_cat?post=2922"},{"taxonomy":"product_tag","embeddable":true,"href":"https:\/\/printde.co\/hr\/wp-json\/wp\/v2\/product_tag?post=2922"}],"curies":[{"name":"wp","href":"https:\/\/api.w.org\/{rel}","templated":true}]}}