{"id":3019,"date":"2024-02-21T11:45:34","date_gmt":"2024-02-21T10:45:34","guid":{"rendered":"https:\/\/printde.co\/?post_type=product&#038;p=3019"},"modified":"2024-02-19T22:43:56","modified_gmt":"2024-02-19T21:43:56","slug":"romanticni-kisni-bulevar-zidna-tapeta","status":"publish","type":"product","link":"https:\/\/printde.co\/hr\/proizvod\/romanticni-kisni-bulevar-zidna-tapeta\/","title":{"rendered":"Romanti\u010dni Ki\u0161ni Bulevar: Par ispod Ki\u0161obrana Tapeta"},"content":{"rendered":"<p>Uronite u \u010daroliju ki\u0161ne ve\u010deri s na\u0161om tapetom &#8216;Romanti\u010dni Ki\u0161ni Bulevar&#8217;. Svjedo\u010dite o\u010daravaju\u0107oj sceni gdje par dijeli intiman trenutak ispod zajedni\u010dkog ki\u0161obrana, \u0161e\u0107u\u0107i bulevarom poljupcima ki\u0161e. Okupani toplim sjajem uli\u010dnih lampi, s drve\u0107em ukra\u0161enim zlatnim nijansama jesenskih listova, nje\u017ena rosulja dodaje sjajnim sjaj okolini. Refleksija svjetla na mokrom kolniku stvara hipnotiziraju\u0107u stazu, zahva\u0107aju\u0107i bit romantike i spokoja.<\/p>\n","protected":false},"excerpt":{"rendered":"<p>Preobrazite svoj prostor s tapetom &#8216;Romanti\u010dni Ki\u0161ni Bulevar&#8217;, prikazuju\u0107i intiman trenutak para ispod zajedni\u010dkog ki\u0161obrana na zlatno osvijetljenom ulici.<\/p>\n","protected":false},"featured_media":3015,"template":"","meta":{"_acf_changed":false,"inline_featured_image":false},"product_brand":[],"product_cat":[52,104],"product_tag":[],"class_list":{"0":"post-3019","1":"product","2":"type-product","3":"status-publish","4":"has-post-thumbnail","6":"product_cat-zidne-tapete","7":"product_cat-umjetnost-dizajn-tapete","9":"first","10":"instock","11":"shipping-taxable","12":"purchasable","13":"product-type-simple"},"acf":[],"_links":{"self":[{"href":"https:\/\/printde.co\/hr\/wp-json\/wp\/v2\/product\/3019","targetHints":{"allow":["GET"]}}],"collection":[{"href":"https:\/\/printde.co\/hr\/wp-json\/wp\/v2\/product"}],"about":[{"href":"https:\/\/printde.co\/hr\/wp-json\/wp\/v2\/types\/product"}],"wp:featuredmedia":[{"embeddable":true,"href":"https:\/\/printde.co\/hr\/wp-json\/wp\/v2\/media\/3015"}],"wp:attachment":[{"href":"https:\/\/printde.co\/hr\/wp-json\/wp\/v2\/media?parent=3019"}],"wp:term":[{"taxonomy":"product_brand","embeddable":true,"href":"https:\/\/printde.co\/hr\/wp-json\/wp\/v2\/product_brand?post=3019"},{"taxonomy":"product_cat","embeddable":true,"href":"https:\/\/printde.co\/hr\/wp-json\/wp\/v2\/product_cat?post=3019"},{"taxonomy":"product_tag","embeddable":true,"href":"https:\/\/printde.co\/hr\/wp-json\/wp\/v2\/product_tag?post=3019"}],"curies":[{"name":"wp","href":"https:\/\/api.w.org\/{rel}","templated":true}]}}