{"id":3031,"date":"2024-02-23T11:48:02","date_gmt":"2024-02-23T10:48:02","guid":{"rendered":"https:\/\/printde.co\/?post_type=product&#038;p=3031"},"modified":"2024-02-20T21:58:26","modified_gmt":"2024-02-20T20:58:26","slug":"elegancija-maslinovih-grana-tapeta","status":"publish","type":"product","link":"https:\/\/printde.co\/hr\/proizvod\/elegancija-maslinovih-grana-tapeta\/","title":{"rendered":"Elegancija Maslinovih Grana: Tapeta u Grafitu"},"content":{"rendered":"<p>Zaronite u mirnu ljepotu prirode s na\u0161om tapetom &#8216;Elegancija Maslinovih Grana&#8217;. Nacrtane fino u grafitu, ove bujne aran\u017emane prikazuju delikatnu igru svjetla i sjene me\u0111u detaljno izra\u0111enim listovima masline. Razli\u010dite nijanse i potezi dodaju dubinu i realizam dizajnu, s debelim maslinama smje\u0161tenima me\u0111u li\u0161\u0107em, \u010dije povr\u0161ine odra\u017eavaju nijansirano osvjetljenje. Prote\u017eu\u0107i se preko \u0161irokog platna, njegova monokromatska paleta evocira mir i prirodnu ljepotu, \u010dine\u0107i je idealnim izborom za sofisticirani dizajn tapeta.<\/p>\n","protected":false},"excerpt":{"rendered":"<p>Podignite svoj dekor s &#8216;Elegancijom Maslinovih Grana&#8217;, tapetom u grafitu koja zahva\u0107a mir prirode u monokromu.<\/p>\n","protected":false},"featured_media":3037,"template":"","meta":{"_acf_changed":false,"inline_featured_image":false},"product_brand":[],"product_cat":[59,52,104],"product_tag":[],"class_list":{"0":"post-3031","1":"product","2":"type-product","3":"status-publish","4":"has-post-thumbnail","6":"product_cat-flora-zivotinje-tapete","7":"product_cat-zidne-tapete","8":"product_cat-umjetnost-dizajn-tapete","10":"first","11":"instock","12":"shipping-taxable","13":"purchasable","14":"product-type-simple"},"acf":[],"_links":{"self":[{"href":"https:\/\/printde.co\/hr\/wp-json\/wp\/v2\/product\/3031","targetHints":{"allow":["GET"]}}],"collection":[{"href":"https:\/\/printde.co\/hr\/wp-json\/wp\/v2\/product"}],"about":[{"href":"https:\/\/printde.co\/hr\/wp-json\/wp\/v2\/types\/product"}],"wp:featuredmedia":[{"embeddable":true,"href":"https:\/\/printde.co\/hr\/wp-json\/wp\/v2\/media\/3037"}],"wp:attachment":[{"href":"https:\/\/printde.co\/hr\/wp-json\/wp\/v2\/media?parent=3031"}],"wp:term":[{"taxonomy":"product_brand","embeddable":true,"href":"https:\/\/printde.co\/hr\/wp-json\/wp\/v2\/product_brand?post=3031"},{"taxonomy":"product_cat","embeddable":true,"href":"https:\/\/printde.co\/hr\/wp-json\/wp\/v2\/product_cat?post=3031"},{"taxonomy":"product_tag","embeddable":true,"href":"https:\/\/printde.co\/hr\/wp-json\/wp\/v2\/product_tag?post=3031"}],"curies":[{"name":"wp","href":"https:\/\/api.w.org\/{rel}","templated":true}]}}