{"id":3089,"date":"2024-03-04T12:12:27","date_gmt":"2024-03-04T11:12:27","guid":{"rendered":"https:\/\/printde.co\/?post_type=product&#038;p=3089"},"modified":"2024-02-28T20:38:13","modified_gmt":"2024-02-28T19:38:13","slug":"tropski-bijeg-bujno-zelenilo-tapeta","status":"publish","type":"product","link":"https:\/\/printde.co\/hr\/proizvod\/tropski-bijeg-bujno-zelenilo-tapeta\/","title":{"rendered":"Tropski Bijeg: Tapeta Bujnog Zelenila"},"content":{"rendered":"<p>Pretvorite svoj prostor u tropsko uto\u010di\u0161te s na\u0161om tapetom &#8216;Tropski Bijeg: Bujno Zelenilo&#8217;. Ova tapeta sadr\u017ei izvrstan izbor bujnih, zelenih listova uklju\u010duju\u0107i monstera, palma, i paprat, pri \u010demu je svaki list detaljno izra\u0111en kako bi se prikazala raznolikost tekstura i nijansi zelene. Postavljena na meku, gotovo bijelu pozadinu, kompozicija je dizajnirana da stvori prirodni i organski osje\u0107aj, omataju\u0107i vas u gustu, mirnu d\u017eunglu. \u017divopisan, a opet smiruju\u0107i uzorak do\u010darava bit tropskog bijega, \u010dine\u0107i ga savr\u0161enom pozadinom za svaku sobu koja tra\u017ei dodir prirodne serenosti.<\/p>\n","protected":false},"excerpt":{"rendered":"<p>Pozovite bujnu ljepotu tropske d\u017eungle u svoj prostor s &#8216;Tropskim Bijegom: Bujno Zelenilo&#8217;, mirnim odavanjem po\u010dasti \u017eivosti prirode.<\/p>\n","protected":false},"featured_media":3095,"template":"","meta":{"_acf_changed":false,"inline_featured_image":false},"product_brand":[],"product_cat":[59,52,104],"product_tag":[],"class_list":{"0":"post-3089","1":"product","2":"type-product","3":"status-publish","4":"has-post-thumbnail","6":"product_cat-flora-zivotinje-tapete","7":"product_cat-zidne-tapete","8":"product_cat-umjetnost-dizajn-tapete","10":"first","11":"instock","12":"shipping-taxable","13":"purchasable","14":"product-type-simple"},"acf":[],"_links":{"self":[{"href":"https:\/\/printde.co\/hr\/wp-json\/wp\/v2\/product\/3089","targetHints":{"allow":["GET"]}}],"collection":[{"href":"https:\/\/printde.co\/hr\/wp-json\/wp\/v2\/product"}],"about":[{"href":"https:\/\/printde.co\/hr\/wp-json\/wp\/v2\/types\/product"}],"wp:featuredmedia":[{"embeddable":true,"href":"https:\/\/printde.co\/hr\/wp-json\/wp\/v2\/media\/3095"}],"wp:attachment":[{"href":"https:\/\/printde.co\/hr\/wp-json\/wp\/v2\/media?parent=3089"}],"wp:term":[{"taxonomy":"product_brand","embeddable":true,"href":"https:\/\/printde.co\/hr\/wp-json\/wp\/v2\/product_brand?post=3089"},{"taxonomy":"product_cat","embeddable":true,"href":"https:\/\/printde.co\/hr\/wp-json\/wp\/v2\/product_cat?post=3089"},{"taxonomy":"product_tag","embeddable":true,"href":"https:\/\/printde.co\/hr\/wp-json\/wp\/v2\/product_tag?post=3089"}],"curies":[{"name":"wp","href":"https:\/\/api.w.org\/{rel}","templated":true}]}}