{"id":3120,"date":"2024-03-06T12:17:30","date_gmt":"2024-03-06T11:17:30","guid":{"rendered":"https:\/\/printde.co\/?post_type=product&#038;p=3120"},"modified":"2024-03-04T22:24:35","modified_gmt":"2024-03-04T21:24:35","slug":"jesenski-odrazi-zlatno-lisce-tapeta","status":"publish","type":"product","link":"https:\/\/printde.co\/hr\/proizvod\/jesenski-odrazi-zlatno-lisce-tapeta\/","title":{"rendered":"Jesenski Odrazi: Zlatno Li\u0161\u0107e i Mirno Jezero Tapeta"},"content":{"rendered":"<p>Predstavite zapanjuju\u0107i pejza\u017e u svojem prostoru s na\u0161om &#8216;Jesenski Odrazi: Zlatno Li\u0161\u0107e i Mirno Jezero Tapeta&#8217;. Niz vitkih stabala, ukra\u0161enih \u017eivopisnim \u017eutim jesenskim li\u0161\u0107em, odr\u017eava svoje odraze na glatkoj povr\u0161ini mirnog jezera. Scena se odvija na pozadini neutralnih tonova koja nagla\u0161ava bogate zlatne nijanse, stvaraju\u0107i o\u0161tar, a ipak skladan kontrast. S mirnim zrakom i nepomi\u010dnom vodom, cijela kompozicija je okupana u mekom, difuznom svjetlu koje poja\u010dava tihi ljepotu jesenske sezone. Ova tapeta je mirna posveta transformativnoj snazi jeseni.<\/p>\n","protected":false},"excerpt":{"rendered":"<p>Uhvatite mirnu esenciju jeseni s &#8216;Jesenskim Odrazima&#8217;, tapetom koja na va\u0161e zidove donosi tihi ljepotu zlatnog li\u0161\u0107a i mirnog jezera.<\/p>\n","protected":false},"featured_media":3126,"template":"","meta":{"_acf_changed":false,"inline_featured_image":false},"product_brand":[],"product_cat":[52,104],"product_tag":[],"class_list":{"0":"post-3120","1":"product","2":"type-product","3":"status-publish","4":"has-post-thumbnail","6":"product_cat-zidne-tapete","7":"product_cat-umjetnost-dizajn-tapete","9":"first","10":"instock","11":"shipping-taxable","12":"purchasable","13":"product-type-simple"},"acf":[],"_links":{"self":[{"href":"https:\/\/printde.co\/hr\/wp-json\/wp\/v2\/product\/3120","targetHints":{"allow":["GET"]}}],"collection":[{"href":"https:\/\/printde.co\/hr\/wp-json\/wp\/v2\/product"}],"about":[{"href":"https:\/\/printde.co\/hr\/wp-json\/wp\/v2\/types\/product"}],"wp:featuredmedia":[{"embeddable":true,"href":"https:\/\/printde.co\/hr\/wp-json\/wp\/v2\/media\/3126"}],"wp:attachment":[{"href":"https:\/\/printde.co\/hr\/wp-json\/wp\/v2\/media?parent=3120"}],"wp:term":[{"taxonomy":"product_brand","embeddable":true,"href":"https:\/\/printde.co\/hr\/wp-json\/wp\/v2\/product_brand?post=3120"},{"taxonomy":"product_cat","embeddable":true,"href":"https:\/\/printde.co\/hr\/wp-json\/wp\/v2\/product_cat?post=3120"},{"taxonomy":"product_tag","embeddable":true,"href":"https:\/\/printde.co\/hr\/wp-json\/wp\/v2\/product_tag?post=3120"}],"curies":[{"name":"wp","href":"https:\/\/api.w.org\/{rel}","templated":true}]}}