{"id":1679,"date":"2021-08-06T13:21:45","date_gmt":"2022-09-05T18:03:58","guid":{"rendered":"https:\/\/printde.co\/?post_type=product&#038;p=1679"},"modified":"2022-09-26T11:23:56","modified_gmt":"2022-09-26T11:23:56","slug":"kwadratowe-palmy","status":"publish","type":"product","link":"https:\/\/printde.co\/pl\/produkt\/kwadratowe-palmy\/","title":{"rendered":"kwadratowe palmy"},"content":{"rendered":"<p>Salon, w kt\u00f3rym znajdzie si\u0119 ta tapeta, z pewno\u015bci\u0105 b\u0119dzie odznacza\u0142 si\u0119 wyj\u0105tkowym klimatem. Ponadto, gust w\u0142a\u015bciciela w zakresie aran\u017cacji wn\u0119trz nigdy nie zostanie zakwestionowany.<\/p>\n","protected":false},"excerpt":{"rendered":"<p>Salon, w kt\u00f3rym znajdzie si\u0119 ta tapeta, z pewno\u015bci\u0105 b\u0119dzie odznacza\u0142 si\u0119 wyj\u0105tkowym klimatem. Ponadto, gust w\u0142a\u015bciciela w zakresie aran\u017cacji wn\u0119trz nigdy nie zostanie zakwestionowany.<\/p>\n","protected":false},"featured_media":1574,"template":"","meta":{"_acf_changed":false,"inline_featured_image":false},"product_brand":[],"product_cat":[89,87],"product_tag":[],"class_list":{"0":"post-1679","1":"product","2":"type-product","3":"status-publish","4":"has-post-thumbnail","6":"product_cat-tapety-abstrakcyjne","7":"product_cat-fototapety","9":"first","10":"instock","11":"shipping-taxable","12":"purchasable","13":"product-type-simple"},"acf":[],"_links":{"self":[{"href":"https:\/\/printde.co\/pl\/wp-json\/wp\/v2\/product\/1679","targetHints":{"allow":["GET"]}}],"collection":[{"href":"https:\/\/printde.co\/pl\/wp-json\/wp\/v2\/product"}],"about":[{"href":"https:\/\/printde.co\/pl\/wp-json\/wp\/v2\/types\/product"}],"wp:featuredmedia":[{"embeddable":true,"href":"https:\/\/printde.co\/pl\/wp-json\/wp\/v2\/media\/1574"}],"wp:attachment":[{"href":"https:\/\/printde.co\/pl\/wp-json\/wp\/v2\/media?parent=1679"}],"wp:term":[{"taxonomy":"product_brand","embeddable":true,"href":"https:\/\/printde.co\/pl\/wp-json\/wp\/v2\/product_brand?post=1679"},{"taxonomy":"product_cat","embeddable":true,"href":"https:\/\/printde.co\/pl\/wp-json\/wp\/v2\/product_cat?post=1679"},{"taxonomy":"product_tag","embeddable":true,"href":"https:\/\/printde.co\/pl\/wp-json\/wp\/v2\/product_tag?post=1679"}],"curies":[{"name":"wp","href":"https:\/\/api.w.org\/{rel}","templated":true}]}}