{"id":2055,"date":"2023-08-06T18:41:24","date_gmt":"2023-08-06T18:41:23","guid":{"rendered":"https:\/\/printde.co\/?post_type=product&#038;p=2055"},"modified":"2024-01-22T23:18:48","modified_gmt":"2024-01-22T22:18:48","slug":"abstrakcja-zainspirowane-mark-rothko","status":"publish","type":"product","link":"https:\/\/printde.co\/pl\/produkt\/abstrakcja-zainspirowane-mark-rothko\/","title":{"rendered":"Abstrakcja: Zainspirowane przez Marka Rothko"},"content":{"rendered":"<p>Wprowad\u017a g\u0142\u0119bi\u0119 i intensywno\u015b\u0107 do swojego wn\u0119trza dzi\u0119ki naszym tapetom \u015bciennym inspirowanym abstrakcyjnym stylem Marka Rothko. Ten design przenosi jego unikaln\u0105 wizj\u0119 kolor\u00f3w i form do Twojego domu. Wysokiej jako\u015bci druk, dostosowywalne opcje, szybka dostawa.<\/p>\n","protected":false},"excerpt":{"rendered":"<p>Odkryj tapety \u015bcienne inspirowane abstrakcyjnym stylem Marka Rothko. Intensywno\u015b\u0107 kolor\u00f3w i form w Twoim domu. Wysokiej jako\u015bci druk. Odwied\u017a nas dzi\u015b!<\/p>\n","protected":false},"featured_media":2058,"template":"","meta":{"_acf_changed":false,"inline_featured_image":false},"product_brand":[],"product_cat":[89,105,87],"product_tag":[],"class_list":{"0":"post-2055","1":"product","2":"type-product","3":"status-publish","4":"has-post-thumbnail","6":"product_cat-tapety-abstrakcyjne","7":"product_cat-sztuka-design-tapety","8":"product_cat-fototapety","10":"first","11":"instock","12":"shipping-taxable","13":"purchasable","14":"product-type-simple"},"acf":[],"_links":{"self":[{"href":"https:\/\/printde.co\/pl\/wp-json\/wp\/v2\/product\/2055","targetHints":{"allow":["GET"]}}],"collection":[{"href":"https:\/\/printde.co\/pl\/wp-json\/wp\/v2\/product"}],"about":[{"href":"https:\/\/printde.co\/pl\/wp-json\/wp\/v2\/types\/product"}],"wp:featuredmedia":[{"embeddable":true,"href":"https:\/\/printde.co\/pl\/wp-json\/wp\/v2\/media\/2058"}],"wp:attachment":[{"href":"https:\/\/printde.co\/pl\/wp-json\/wp\/v2\/media?parent=2055"}],"wp:term":[{"taxonomy":"product_brand","embeddable":true,"href":"https:\/\/printde.co\/pl\/wp-json\/wp\/v2\/product_brand?post=2055"},{"taxonomy":"product_cat","embeddable":true,"href":"https:\/\/printde.co\/pl\/wp-json\/wp\/v2\/product_cat?post=2055"},{"taxonomy":"product_tag","embeddable":true,"href":"https:\/\/printde.co\/pl\/wp-json\/wp\/v2\/product_tag?post=2055"}],"curies":[{"name":"wp","href":"https:\/\/api.w.org\/{rel}","templated":true}]}}