{"id":2092,"date":"2023-08-08T08:14:23","date_gmt":"2023-08-08T08:14:23","guid":{"rendered":"https:\/\/printde.co\/?post_type=product&#038;p=2092"},"modified":"2024-01-22T23:11:03","modified_gmt":"2024-01-22T22:11:03","slug":"bohater-i-kobieta-neoklasyczny-mural-monoton-burne-jones","status":"publish","type":"product","link":"https:\/\/printde.co\/pl\/produkt\/bohater-i-kobieta-neoklasyczny-mural-monoton-burne-jones\/","title":{"rendered":"Bohater i Kobieta: Neoklasyczny Mural w \u015aladzie Monotonu, Zainspirowany przez Burne-Jonesa"},"content":{"rendered":"<p>Mural \u015bcienne przedstawiaj\u0105cy bohatera i kobiet\u0119 na powierzchniach przywo\u0142uj\u0105cych wra\u017cenie zniszczenia i zu\u017cycia. Ich emocjonalne twarze odzwierciedlaj\u0105 neoklasyczn\u0105 prostot\u0119 i elegancj\u0119. Czerpi\u0105c inspiracj\u0119 z Burne-Jonesa i stylu neo-betonskiego, z wykorzystaniem papieru i podej\u015bcia w \u015bladzie monotonu, czyni ten mural wyj\u0105tkowym dzie\u0142em.<\/p>\n","protected":false},"excerpt":{"rendered":"<p>Neoklasyczny mural bohatera i kobiety. Zniszczone powierzchnie, emocjonalne twarze, inspiracja przez Burne-Jonesa, \u015blad monotonu. Odkryj t\u0119 sztuk\u0119 dzisiaj!<\/p>\n","protected":false},"featured_media":2384,"template":"","meta":{"_acf_changed":false,"inline_featured_image":false},"product_brand":[],"product_cat":[102,87],"product_tag":[],"class_list":{"0":"post-2092","1":"product","2":"type-product","3":"status-publish","4":"has-post-thumbnail","6":"product_cat-tapety-antyczna-sztuka","7":"product_cat-fototapety","9":"first","10":"instock","11":"shipping-taxable","12":"purchasable","13":"product-type-simple"},"acf":[],"_links":{"self":[{"href":"https:\/\/printde.co\/pl\/wp-json\/wp\/v2\/product\/2092","targetHints":{"allow":["GET"]}}],"collection":[{"href":"https:\/\/printde.co\/pl\/wp-json\/wp\/v2\/product"}],"about":[{"href":"https:\/\/printde.co\/pl\/wp-json\/wp\/v2\/types\/product"}],"wp:featuredmedia":[{"embeddable":true,"href":"https:\/\/printde.co\/pl\/wp-json\/wp\/v2\/media\/2384"}],"wp:attachment":[{"href":"https:\/\/printde.co\/pl\/wp-json\/wp\/v2\/media?parent=2092"}],"wp:term":[{"taxonomy":"product_brand","embeddable":true,"href":"https:\/\/printde.co\/pl\/wp-json\/wp\/v2\/product_brand?post=2092"},{"taxonomy":"product_cat","embeddable":true,"href":"https:\/\/printde.co\/pl\/wp-json\/wp\/v2\/product_cat?post=2092"},{"taxonomy":"product_tag","embeddable":true,"href":"https:\/\/printde.co\/pl\/wp-json\/wp\/v2\/product_tag?post=2092"}],"curies":[{"name":"wp","href":"https:\/\/api.w.org\/{rel}","templated":true}]}}