{"id":2114,"date":"2023-08-10T13:17:55","date_gmt":"2023-08-10T13:17:55","guid":{"rendered":"https:\/\/printde.co\/?post_type=product&#038;p=2114"},"modified":"2024-01-22T23:08:03","modified_gmt":"2024-01-22T22:08:03","slug":"abstrakcyjna-futurystyczna-kompozicja-pomaranczowa-niebieskie-detalje","status":"publish","type":"product","link":"https:\/\/printde.co\/pl\/produkt\/abstrakcyjna-futurystyczna-kompozicja-pomaranczowa-niebieskie-detalje\/","title":{"rendered":"Abstrakcyjna i Futurystyczna Kompozycja: Pomara\u0144czowa z Niebieskimi Detalami"},"content":{"rendered":"<p>Odkryj mural \u015bcienne \u0142\u0105cz\u0105cy abstrakcyjne elementy z futurystyczn\u0105 wizj\u0105. Dominuj\u0105cy odcie\u0144 pomara\u0144czowy jest wzbogacony detalami w kolorze niebieskim, tworz\u0105c unikaln\u0105 i dynamiczn\u0105 wizualn\u0105 opowie\u015b\u0107.<\/p>\n","protected":false},"excerpt":{"rendered":"<p>Abstrakcyjny i futurystyczny mural w kolorze pomara\u0144czowym z niebieskimi detalami. Idealna kombinacja dla nowoczesnej przestrzeni.<\/p>\n","protected":false},"featured_media":2387,"template":"","meta":{"_acf_changed":false,"inline_featured_image":false},"product_brand":[],"product_cat":[89,105,87],"product_tag":[],"class_list":{"0":"post-2114","1":"product","2":"type-product","3":"status-publish","4":"has-post-thumbnail","6":"product_cat-tapety-abstrakcyjne","7":"product_cat-sztuka-design-tapety","8":"product_cat-fototapety","10":"first","11":"instock","12":"shipping-taxable","13":"purchasable","14":"product-type-simple"},"acf":[],"_links":{"self":[{"href":"https:\/\/printde.co\/pl\/wp-json\/wp\/v2\/product\/2114","targetHints":{"allow":["GET"]}}],"collection":[{"href":"https:\/\/printde.co\/pl\/wp-json\/wp\/v2\/product"}],"about":[{"href":"https:\/\/printde.co\/pl\/wp-json\/wp\/v2\/types\/product"}],"wp:featuredmedia":[{"embeddable":true,"href":"https:\/\/printde.co\/pl\/wp-json\/wp\/v2\/media\/2387"}],"wp:attachment":[{"href":"https:\/\/printde.co\/pl\/wp-json\/wp\/v2\/media?parent=2114"}],"wp:term":[{"taxonomy":"product_brand","embeddable":true,"href":"https:\/\/printde.co\/pl\/wp-json\/wp\/v2\/product_brand?post=2114"},{"taxonomy":"product_cat","embeddable":true,"href":"https:\/\/printde.co\/pl\/wp-json\/wp\/v2\/product_cat?post=2114"},{"taxonomy":"product_tag","embeddable":true,"href":"https:\/\/printde.co\/pl\/wp-json\/wp\/v2\/product_tag?post=2114"}],"curies":[{"name":"wp","href":"https:\/\/api.w.org\/{rel}","templated":true}]}}