{"id":2142,"date":"2023-08-22T10:23:06","date_gmt":"2023-08-22T10:23:06","guid":{"rendered":"https:\/\/printde.co\/?post_type=product&#038;p=2142"},"modified":"2024-01-22T23:00:47","modified_gmt":"2024-01-22T22:00:47","slug":"portret-indianskiej-wodzianki-wojenny-helm-ekspresjonizm-olej","status":"publish","type":"product","link":"https:\/\/printde.co\/pl\/produkt\/portret-indianskiej-wodzianki-wojenny-helm-ekspresjonizm-olej\/","title":{"rendered":"Portret India\u0144skiej Wodzianki z Wojennym He\u0142mem: Ekspresjonistyczny Portret Olejny"},"content":{"rendered":"<p>Pozw\u00f3l si\u0119 oczarowa\u0107 tym hipnotyzuj\u0105cym olejnym portretem india\u0144skiej wodzianki z wojennym he\u0142mem. \u0141\u0105cz\u0105c hiperrealizm z abstrakcyjnym ekspresjonizmem, widoczne poci\u0105gni\u0119cia p\u0119dzla nadaj\u0105 \u017cycie temu dzie\u0142u. Bogate, \u017cywe kolory i wspania\u0142e wykorzystanie \u015bwiat\u0142a tworz\u0105 wysoki kontrast i dynamiczn\u0105 kompozycj\u0119. Naturalne elementy i nieco surrealistyczne uczucie sprawiaj\u0105, \u017ce ten obraz jest naprawd\u0119 urzekaj\u0105cy.<\/p>\n","protected":false},"excerpt":{"rendered":"<p>Ekspresjonistyczny portret india\u0144skiej wodzianki z wojennym he\u0142mem. \u017bywe kolory, dynamika i nieodparty urok \u015bwiat\u0142a.<\/p>\n","protected":false},"featured_media":2145,"template":"","meta":{"_acf_changed":false,"inline_featured_image":false},"product_brand":[],"product_cat":[105,87],"product_tag":[],"class_list":{"0":"post-2142","1":"product","2":"type-product","3":"status-publish","4":"has-post-thumbnail","6":"product_cat-sztuka-design-tapety","7":"product_cat-fototapety","9":"first","10":"instock","11":"shipping-taxable","12":"purchasable","13":"product-type-simple"},"acf":[],"_links":{"self":[{"href":"https:\/\/printde.co\/pl\/wp-json\/wp\/v2\/product\/2142","targetHints":{"allow":["GET"]}}],"collection":[{"href":"https:\/\/printde.co\/pl\/wp-json\/wp\/v2\/product"}],"about":[{"href":"https:\/\/printde.co\/pl\/wp-json\/wp\/v2\/types\/product"}],"wp:featuredmedia":[{"embeddable":true,"href":"https:\/\/printde.co\/pl\/wp-json\/wp\/v2\/media\/2145"}],"wp:attachment":[{"href":"https:\/\/printde.co\/pl\/wp-json\/wp\/v2\/media?parent=2142"}],"wp:term":[{"taxonomy":"product_brand","embeddable":true,"href":"https:\/\/printde.co\/pl\/wp-json\/wp\/v2\/product_brand?post=2142"},{"taxonomy":"product_cat","embeddable":true,"href":"https:\/\/printde.co\/pl\/wp-json\/wp\/v2\/product_cat?post=2142"},{"taxonomy":"product_tag","embeddable":true,"href":"https:\/\/printde.co\/pl\/wp-json\/wp\/v2\/product_tag?post=2142"}],"curies":[{"name":"wp","href":"https:\/\/api.w.org\/{rel}","templated":true}]}}