{"id":2190,"date":"2023-12-12T19:20:08","date_gmt":"2023-12-12T19:20:08","guid":{"rendered":"https:\/\/printde.co\/?post_type=product&#038;p=2190"},"modified":"2024-01-22T22:54:07","modified_gmt":"2024-01-22T21:54:07","slug":"selfie-dawida-spotkanie-klasycznej-i-wspolczesnej-sztuki-copy","status":"publish","type":"product","link":"https:\/\/printde.co\/pl\/produkt\/selfie-dawida-spotkanie-klasycznej-i-wspolczesnej-sztuki-copy\/","title":{"rendered":"Tapety w Stylu Johna Constable&#8217;a &#8211; Krajobrazy Angielskiej Wsi"},"content":{"rendered":"<p>Przemie\u0144 swoj\u0105 przestrze\u0144 w spokojne pi\u0119kno krajobraz\u00f3w angielskiej wsi, inspirowane przez Johna Constable&#8217;a. Nasze tapety oddaj\u0105 esencj\u0119 spokojnego \u017cycia wiejskiego, ze szczeg\u00f3\u0142owym uwzgl\u0119dnieniem chmur i nieba, oferuj\u0105c pokojow\u0105 i malownicz\u0105 atmosfer\u0119.<\/p>\n","protected":false},"excerpt":{"rendered":"<p>Tapety inspirowane Johnem Constable&#8217;em z krajobrazami spokojnej angielskiej wsi, idealne do stworzenia pokojowej atmosfery w domu.<\/p>\n","protected":false},"featured_media":2196,"template":"","meta":{"_acf_changed":false,"inline_featured_image":false},"product_brand":[],"product_cat":[105,87],"product_tag":[],"class_list":{"0":"post-2190","1":"product","2":"type-product","3":"status-publish","4":"has-post-thumbnail","6":"product_cat-sztuka-design-tapety","7":"product_cat-fototapety","9":"first","10":"instock","11":"shipping-taxable","12":"purchasable","13":"product-type-simple"},"acf":[],"_links":{"self":[{"href":"https:\/\/printde.co\/pl\/wp-json\/wp\/v2\/product\/2190","targetHints":{"allow":["GET"]}}],"collection":[{"href":"https:\/\/printde.co\/pl\/wp-json\/wp\/v2\/product"}],"about":[{"href":"https:\/\/printde.co\/pl\/wp-json\/wp\/v2\/types\/product"}],"wp:featuredmedia":[{"embeddable":true,"href":"https:\/\/printde.co\/pl\/wp-json\/wp\/v2\/media\/2196"}],"wp:attachment":[{"href":"https:\/\/printde.co\/pl\/wp-json\/wp\/v2\/media?parent=2190"}],"wp:term":[{"taxonomy":"product_brand","embeddable":true,"href":"https:\/\/printde.co\/pl\/wp-json\/wp\/v2\/product_brand?post=2190"},{"taxonomy":"product_cat","embeddable":true,"href":"https:\/\/printde.co\/pl\/wp-json\/wp\/v2\/product_cat?post=2190"},{"taxonomy":"product_tag","embeddable":true,"href":"https:\/\/printde.co\/pl\/wp-json\/wp\/v2\/product_tag?post=2190"}],"curies":[{"name":"wp","href":"https:\/\/api.w.org\/{rel}","templated":true}]}}