{"id":2220,"date":"2023-12-14T16:03:49","date_gmt":"2023-12-14T16:03:49","guid":{"rendered":"https:\/\/printde.co\/?post_type=product&#038;p=2220"},"modified":"2024-01-22T22:50:10","modified_gmt":"2024-01-22T21:50:10","slug":"tapety-andrew-wyeth-uspokajajace","status":"publish","type":"product","link":"https:\/\/printde.co\/pl\/produkt\/tapety-andrew-wyeth-uspokajajace\/","title":{"rendered":"Tapety w Stylu Andrew Wyeth &#8211; Uspokajaj\u0105ce"},"content":{"rendered":"<p>Zanurz si\u0119 w \u015bwiat spokojnego pi\u0119kna z naszymi tapetami inspirowanymi Andrewem Wyethem. Ka\u017cdy element tej kolekcji uchwytuje esencj\u0119 wyj\u0105tkowego stylu Wyetha, \u0142\u0105cz\u0105c realizm z onirycznym aur\u0105. Tapety przedstawiaj\u0105 krajobrazy i sceny malowane w mi\u0119kkich be\u017cowych i ziemistych tonach, wywo\u0142uj\u0105c g\u0142\u0119bokie poczucie spokoju i nostalgii. Idealne do tworzenia spokojnej i refleksyjnej przestrzeni w domu lub biurze, te tapety s\u0105 \u015bwiadectwem ponadczasowej artyzmu i subtelnej elegancji. Starannie wykonane, obiecuj\u0105 trwa\u0142o\u015b\u0107 i d\u0142ugotrwa\u0142\u0105 atrakcyjno\u015b\u0107, stanowi\u0105c doskona\u0142y wyb\u00f3r dla tych, kt\u00f3rzy doceniaj\u0105 drobne szczeg\u00f3\u0142y w \u017cyciu.<\/p>\n","protected":false},"excerpt":{"rendered":"<p>Do\u015bwiadcz spokojnego pi\u0119kna stylu Andrewa Wyetha z naszymi tapetami, ukazuj\u0105cymi oniryczne krajobrazy w koj\u0105cych ziemistych tonach.<\/p>\n","protected":false},"featured_media":2223,"template":"","meta":{"_acf_changed":false,"inline_featured_image":false},"product_brand":[],"product_cat":[105,87],"product_tag":[],"class_list":{"0":"post-2220","1":"product","2":"type-product","3":"status-publish","4":"has-post-thumbnail","6":"product_cat-sztuka-design-tapety","7":"product_cat-fototapety","9":"first","10":"instock","11":"shipping-taxable","12":"purchasable","13":"product-type-simple"},"acf":[],"_links":{"self":[{"href":"https:\/\/printde.co\/pl\/wp-json\/wp\/v2\/product\/2220","targetHints":{"allow":["GET"]}}],"collection":[{"href":"https:\/\/printde.co\/pl\/wp-json\/wp\/v2\/product"}],"about":[{"href":"https:\/\/printde.co\/pl\/wp-json\/wp\/v2\/types\/product"}],"wp:featuredmedia":[{"embeddable":true,"href":"https:\/\/printde.co\/pl\/wp-json\/wp\/v2\/media\/2223"}],"wp:attachment":[{"href":"https:\/\/printde.co\/pl\/wp-json\/wp\/v2\/media?parent=2220"}],"wp:term":[{"taxonomy":"product_brand","embeddable":true,"href":"https:\/\/printde.co\/pl\/wp-json\/wp\/v2\/product_brand?post=2220"},{"taxonomy":"product_cat","embeddable":true,"href":"https:\/\/printde.co\/pl\/wp-json\/wp\/v2\/product_cat?post=2220"},{"taxonomy":"product_tag","embeddable":true,"href":"https:\/\/printde.co\/pl\/wp-json\/wp\/v2\/product_tag?post=2220"}],"curies":[{"name":"wp","href":"https:\/\/api.w.org\/{rel}","templated":true}]}}