{"id":2239,"date":"2023-12-18T12:59:10","date_gmt":"2023-12-18T11:59:10","guid":{"rendered":"https:\/\/printde.co\/?post_type=product&#038;p=2239"},"modified":"2024-01-22T22:46:46","modified_gmt":"2024-01-22T21:46:46","slug":"leonardo-da-vinci-tapeta-renesansu","status":"publish","type":"product","link":"https:\/\/printde.co\/pl\/produkt\/leonardo-da-vinci-tapeta-renesansu\/","title":{"rendered":"Tapeta Renesansu Leonarda da Vinci"},"content":{"rendered":"<p>Zanurz si\u0119 w geniuszu Renesansu z nasz\u0105 'Tapet\u0105 Renesansu Leonarda da Vinci&#8217;. Inspirowana mistrzowskimi szkicami i notatkami da Vinci, tapeta ta emanuje subteln\u0105 wyrafinowano\u015bci\u0105, idealn\u0105 na artystyczny akcent w ka\u017cdym pomieszczeniu.<\/p>\n","protected":false},"excerpt":{"rendered":"<p>Podnie\u015b sw\u00f3j wystr\u00f3j o elegancj\u0119 Renesansu dzi\u0119ki naszej tapeta inspirowanej Leonardem da Vinci, \u0142\u0105cz\u0105cej sztuk\u0119 z histori\u0105.<\/p>\n","protected":false},"featured_media":2245,"template":"","meta":{"_acf_changed":false,"inline_featured_image":false},"product_brand":[],"product_cat":[105,87],"product_tag":[],"class_list":{"0":"post-2239","1":"product","2":"type-product","3":"status-publish","4":"has-post-thumbnail","6":"product_cat-sztuka-design-tapety","7":"product_cat-fototapety","9":"first","10":"instock","11":"shipping-taxable","12":"purchasable","13":"product-type-simple"},"acf":[],"_links":{"self":[{"href":"https:\/\/printde.co\/pl\/wp-json\/wp\/v2\/product\/2239","targetHints":{"allow":["GET"]}}],"collection":[{"href":"https:\/\/printde.co\/pl\/wp-json\/wp\/v2\/product"}],"about":[{"href":"https:\/\/printde.co\/pl\/wp-json\/wp\/v2\/types\/product"}],"wp:featuredmedia":[{"embeddable":true,"href":"https:\/\/printde.co\/pl\/wp-json\/wp\/v2\/media\/2245"}],"wp:attachment":[{"href":"https:\/\/printde.co\/pl\/wp-json\/wp\/v2\/media?parent=2239"}],"wp:term":[{"taxonomy":"product_brand","embeddable":true,"href":"https:\/\/printde.co\/pl\/wp-json\/wp\/v2\/product_brand?post=2239"},{"taxonomy":"product_cat","embeddable":true,"href":"https:\/\/printde.co\/pl\/wp-json\/wp\/v2\/product_cat?post=2239"},{"taxonomy":"product_tag","embeddable":true,"href":"https:\/\/printde.co\/pl\/wp-json\/wp\/v2\/product_tag?post=2239"}],"curies":[{"name":"wp","href":"https:\/\/api.w.org\/{rel}","templated":true}]}}