{"id":2247,"date":"2023-12-19T12:07:34","date_gmt":"2023-12-19T12:07:34","guid":{"rendered":"https:\/\/printde.co\/?post_type=product&#038;p=2247"},"modified":"2023-12-17T21:21:11","modified_gmt":"2023-12-17T21:21:11","slug":"apollo-grecki-bog-mural-tapeta","status":"publish","type":"product","link":"https:\/\/printde.co\/pl\/produkt\/apollo-grecki-bog-mural-tapeta\/","title":{"rendered":"Tapeta Mural Greckiego Boga Apolla"},"content":{"rendered":"<p>Do\u015bwiadcz boskiej elegancji Apolla z nasz\u0105 'Tapet\u0105 Mural Greckiego Boga Apolla&#8217;. Kola\u017c przedstawia realistyczny obraz pos\u0105gu Apolla, podkre\u015blony ziemiastymi i szarymi tonami, kt\u00f3re podkre\u015blaj\u0105 jego majestat i moc. Wzbogacony promieniami s\u0142o\u0144ca, gwiazdami, chmurami i teksturami takimi jak kamie\u0144, marmur i drewno, ten mural to arcydzie\u0142o sztuki i mitologii, idealne dla ka\u017cdej przestrzeni.<\/p>\n<div id=\"gtx-trans\" style=\"position: absolute; left: -17px; top: -10px;\">\n<div class=\"gtx-trans-icon\"><\/div>\n<\/div>\n","protected":false},"excerpt":{"rendered":"<p>Wprowad\u017a mitologiczn\u0105 wielko\u015b\u0107 do swoich wn\u0119trz z nasz\u0105 Tapet\u0105 Mural Greckiego Boga Apolla, harmonijn\u0105 mieszank\u0105 boskiego wizerunku i naturalnych tekstur.<\/p>\n<div id=\"gtx-trans\" style=\"position: absolute; left: -66px; top: -10px;\">\n<div class=\"gtx-trans-icon\"><\/div>\n<\/div>\n","protected":false},"featured_media":2251,"template":"","meta":{"_acf_changed":false,"inline_featured_image":false},"product_brand":[],"product_cat":[102,87],"product_tag":[],"class_list":{"0":"post-2247","1":"product","2":"type-product","3":"status-publish","4":"has-post-thumbnail","6":"product_cat-tapety-antyczna-sztuka","7":"product_cat-fototapety","9":"first","10":"instock","11":"shipping-taxable","12":"purchasable","13":"product-type-simple"},"acf":[],"_links":{"self":[{"href":"https:\/\/printde.co\/pl\/wp-json\/wp\/v2\/product\/2247","targetHints":{"allow":["GET"]}}],"collection":[{"href":"https:\/\/printde.co\/pl\/wp-json\/wp\/v2\/product"}],"about":[{"href":"https:\/\/printde.co\/pl\/wp-json\/wp\/v2\/types\/product"}],"wp:featuredmedia":[{"embeddable":true,"href":"https:\/\/printde.co\/pl\/wp-json\/wp\/v2\/media\/2251"}],"wp:attachment":[{"href":"https:\/\/printde.co\/pl\/wp-json\/wp\/v2\/media?parent=2247"}],"wp:term":[{"taxonomy":"product_brand","embeddable":true,"href":"https:\/\/printde.co\/pl\/wp-json\/wp\/v2\/product_brand?post=2247"},{"taxonomy":"product_cat","embeddable":true,"href":"https:\/\/printde.co\/pl\/wp-json\/wp\/v2\/product_cat?post=2247"},{"taxonomy":"product_tag","embeddable":true,"href":"https:\/\/printde.co\/pl\/wp-json\/wp\/v2\/product_tag?post=2247"}],"curies":[{"name":"wp","href":"https:\/\/api.w.org\/{rel}","templated":true}]}}