{"id":2301,"date":"2023-12-26T12:00:44","date_gmt":"2023-12-26T11:00:44","guid":{"rendered":"https:\/\/printde.co\/?post_type=product&#038;p=2301"},"modified":"2024-01-22T21:11:13","modified_gmt":"2024-01-22T20:11:13","slug":"plemienny-dywan-plotno-tapeta","status":"publish","type":"product","link":"https:\/\/printde.co\/pl\/produkt\/plemienny-dywan-plotno-tapeta\/","title":{"rendered":"Stara Plemienna Dywana z Tekstur\u0105 P\u0142\u00f3tna Tapeta"},"content":{"rendered":"<p>Przedstawiamy nasz\u0105 'Star\u0105 Plemienn\u0105 Dywan\u0105 z Tekstur\u0105 P\u0142\u00f3tna Tapet\u0119&#8217;, hipnotyzuj\u0105ce po\u0142\u0105czenie plemiennej sztuki i iluzyjnego projektowania portret\u00f3w. Posiadaj\u0105ca odcienie jasnego b\u0142\u0119kitu nieba i ciemnego be\u017cu, ta tapeta uchwyci\u0142a istot\u0119 barokowej architektury i abstrakcji. Tekstura grunge i szablony dodaj\u0105 warstw\u0119 g\u0142\u0119bi, co czyni j\u0105 idealnym wyborem dla tych, kt\u00f3rzy doceniaj\u0105 fuzj\u0119 historycznej i nowoczesnej sztuki.<\/p>\n","protected":false},"excerpt":{"rendered":"<p>Dodaj dotyk artystycznej historii na swoje \u015bciany z nasz\u0105 plemienn\u0105 dywan\u0105 z tekstur\u0105 p\u0142\u00f3tna tapet\u0105, \u0142\u0105cz\u0105c tradycyjne projekty z nowoczesn\u0105 abstrakcj\u0105.<\/p>\n","protected":false},"featured_media":2448,"template":"","meta":{"_acf_changed":false,"inline_featured_image":false},"product_brand":[],"product_cat":[89,87],"product_tag":[],"class_list":{"0":"post-2301","1":"product","2":"type-product","3":"status-publish","4":"has-post-thumbnail","6":"product_cat-tapety-abstrakcyjne","7":"product_cat-fototapety","9":"first","10":"instock","11":"shipping-taxable","12":"purchasable","13":"product-type-simple"},"acf":[],"_links":{"self":[{"href":"https:\/\/printde.co\/pl\/wp-json\/wp\/v2\/product\/2301","targetHints":{"allow":["GET"]}}],"collection":[{"href":"https:\/\/printde.co\/pl\/wp-json\/wp\/v2\/product"}],"about":[{"href":"https:\/\/printde.co\/pl\/wp-json\/wp\/v2\/types\/product"}],"wp:featuredmedia":[{"embeddable":true,"href":"https:\/\/printde.co\/pl\/wp-json\/wp\/v2\/media\/2448"}],"wp:attachment":[{"href":"https:\/\/printde.co\/pl\/wp-json\/wp\/v2\/media?parent=2301"}],"wp:term":[{"taxonomy":"product_brand","embeddable":true,"href":"https:\/\/printde.co\/pl\/wp-json\/wp\/v2\/product_brand?post=2301"},{"taxonomy":"product_cat","embeddable":true,"href":"https:\/\/printde.co\/pl\/wp-json\/wp\/v2\/product_cat?post=2301"},{"taxonomy":"product_tag","embeddable":true,"href":"https:\/\/printde.co\/pl\/wp-json\/wp\/v2\/product_tag?post=2301"}],"curies":[{"name":"wp","href":"https:\/\/api.w.org\/{rel}","templated":true}]}}