{"id":2313,"date":"2023-12-27T12:00:10","date_gmt":"2023-12-27T11:00:10","guid":{"rendered":"https:\/\/printde.co\/?post_type=product&#038;p=2313"},"modified":"2024-01-22T21:09:51","modified_gmt":"2024-01-22T20:09:51","slug":"tapeta-tropikalny-las-deszczowy-w-akwareli","status":"publish","type":"product","link":"https:\/\/printde.co\/pl\/produkt\/tapeta-tropikalny-las-deszczowy-w-akwareli\/","title":{"rendered":"Tapeta Tropikalny Las Deszczowy w Akwareli"},"content":{"rendered":"<p>Zanurz si\u0119 w spokojn\u0105 pi\u0119kno\u015b\u0107 natury z nasz\u0105 'Tapet\u0105 Tropikalnego Lasu Deszczowego w Akwareli&#8217;. Ten projekt przedstawia bujn\u0105 tropikaln\u0105 scen\u0119 w umiarkowanych odcieniach be\u017cu i szaro\u015bci, z jasnymi akcentami zieleni. Stonowana paleta kolor\u00f3w tworzy koj\u0105c\u0105 atmosfer\u0119, idealn\u0105 dla ka\u017cdej przestrzeni poszukuj\u0105cej odrobiny spokoju.<\/p>\n","protected":false},"excerpt":{"rendered":"<p>Poczuj spok\u00f3j lasu deszczowego z nasz\u0105 tropikaln\u0105 tapet\u0105 w akwareli, \u0142\u0105cz\u0105c\u0105 delikatne be\u017c i szaro\u015b\u0107 z \u017cyw\u0105 zieleni\u0105.<\/p>\n","protected":false},"featured_media":2439,"template":"","meta":{"_acf_changed":false,"inline_featured_image":false},"product_brand":[],"product_cat":[90,87],"product_tag":[],"class_list":{"0":"post-2313","1":"product","2":"type-product","3":"status-publish","4":"has-post-thumbnail","6":"product_cat-tapety-rosliny-zwierzeta","7":"product_cat-fototapety","9":"first","10":"instock","11":"shipping-taxable","12":"purchasable","13":"product-type-simple"},"acf":[],"_links":{"self":[{"href":"https:\/\/printde.co\/pl\/wp-json\/wp\/v2\/product\/2313","targetHints":{"allow":["GET"]}}],"collection":[{"href":"https:\/\/printde.co\/pl\/wp-json\/wp\/v2\/product"}],"about":[{"href":"https:\/\/printde.co\/pl\/wp-json\/wp\/v2\/types\/product"}],"wp:featuredmedia":[{"embeddable":true,"href":"https:\/\/printde.co\/pl\/wp-json\/wp\/v2\/media\/2439"}],"wp:attachment":[{"href":"https:\/\/printde.co\/pl\/wp-json\/wp\/v2\/media?parent=2313"}],"wp:term":[{"taxonomy":"product_brand","embeddable":true,"href":"https:\/\/printde.co\/pl\/wp-json\/wp\/v2\/product_brand?post=2313"},{"taxonomy":"product_cat","embeddable":true,"href":"https:\/\/printde.co\/pl\/wp-json\/wp\/v2\/product_cat?post=2313"},{"taxonomy":"product_tag","embeddable":true,"href":"https:\/\/printde.co\/pl\/wp-json\/wp\/v2\/product_tag?post=2313"}],"curies":[{"name":"wp","href":"https:\/\/api.w.org\/{rel}","templated":true}]}}