{"id":2323,"date":"2023-12-28T12:00:45","date_gmt":"2023-12-28T11:00:45","guid":{"rendered":"https:\/\/printde.co\/?post_type=product&#038;p=2323"},"modified":"2024-01-22T21:08:30","modified_gmt":"2024-01-22T20:08:30","slug":"tapeta-tropikalny-las-deszczowy-obraz-olejny","status":"publish","type":"product","link":"https:\/\/printde.co\/pl\/produkt\/tapeta-tropikalny-las-deszczowy-obraz-olejny\/","title":{"rendered":"Tapeta Tropikalny Las Deszczowy Obraz Olejny"},"content":{"rendered":"<p>Zanurz si\u0119 w \u017cyw\u0105 esencj\u0119 tropik\u00f3w z nasz\u0105 'Tapet\u0105 Tropikalny Las Deszczowy Obraz Olejny&#8217;. To dzie\u0142o sztuki uchwyci\u0142o bujne pi\u0119kno lasu deszczowego w umiarkowanych odcieniach be\u017cu i szaro\u015bci, podkre\u015blone jasnymi akcentami zieleni. Stonowana paleta kolor\u00f3w nadaje ka\u017cdemu pomieszczeniu spokojn\u0105 i wyrafinowan\u0105 atmosfer\u0119.<\/p>\n","protected":false},"excerpt":{"rendered":"<p>Nasza Tapeta Tropikalny Las Deszczowy Obraz Olejny wnosi dotyk spokoju natury z jej eleganckimi be\u017cowymi, szarymi i zielonymi tonami.<\/p>\n","protected":false},"featured_media":2433,"template":"","meta":{"_acf_changed":false,"inline_featured_image":false},"product_brand":[],"product_cat":[90,87],"product_tag":[],"class_list":{"0":"post-2323","1":"product","2":"type-product","3":"status-publish","4":"has-post-thumbnail","6":"product_cat-tapety-rosliny-zwierzeta","7":"product_cat-fototapety","9":"first","10":"instock","11":"shipping-taxable","12":"purchasable","13":"product-type-simple"},"acf":[],"_links":{"self":[{"href":"https:\/\/printde.co\/pl\/wp-json\/wp\/v2\/product\/2323","targetHints":{"allow":["GET"]}}],"collection":[{"href":"https:\/\/printde.co\/pl\/wp-json\/wp\/v2\/product"}],"about":[{"href":"https:\/\/printde.co\/pl\/wp-json\/wp\/v2\/types\/product"}],"wp:featuredmedia":[{"embeddable":true,"href":"https:\/\/printde.co\/pl\/wp-json\/wp\/v2\/media\/2433"}],"wp:attachment":[{"href":"https:\/\/printde.co\/pl\/wp-json\/wp\/v2\/media?parent=2323"}],"wp:term":[{"taxonomy":"product_brand","embeddable":true,"href":"https:\/\/printde.co\/pl\/wp-json\/wp\/v2\/product_brand?post=2323"},{"taxonomy":"product_cat","embeddable":true,"href":"https:\/\/printde.co\/pl\/wp-json\/wp\/v2\/product_cat?post=2323"},{"taxonomy":"product_tag","embeddable":true,"href":"https:\/\/printde.co\/pl\/wp-json\/wp\/v2\/product_tag?post=2323"}],"curies":[{"name":"wp","href":"https:\/\/api.w.org\/{rel}","templated":true}]}}