{"id":2342,"date":"2023-12-29T22:00:42","date_gmt":"2023-12-29T21:00:42","guid":{"rendered":"https:\/\/printde.co\/?post_type=product&#038;p=2342"},"modified":"2024-01-22T21:07:09","modified_gmt":"2024-01-22T20:07:09","slug":"fantazyjna-tapeta-balony-dla-dzieci","status":"publish","type":"product","link":"https:\/\/printde.co\/pl\/produkt\/fantazyjna-tapeta-balony-dla-dzieci\/","title":{"rendered":"Fantazyjna Tapeta z Balonami dla Dzieci"},"content":{"rendered":"<p>Wyrusz w pe\u0142n\u0105 fantazji podr\u00f3\u017c z nasz\u0105 'Fantazyjn\u0105 Tapet\u0105 z Balonami dla Dzieci&#8217;. Umieszczona w marzycielskim krajobrazie delikatnych ziemiastych i be\u017cowych kolor\u00f3w, ta tapeta przedstawia balony na gor\u0105ce powietrze unosz\u0105ce si\u0119 spokojnie nad \u015bwiatem chmur i krajobraz\u00f3w. Jest idealna do tworzenia zabawnej i kreatywnej atmosfery w ka\u017cdym dzieci\u0119cym pokoju.<\/p>\n","protected":false},"excerpt":{"rendered":"<p>Dodaj odrobin\u0119 fantazji do pokoju dziecka z nasz\u0105 fantazyjn\u0105 tapet\u0105 z balonami, inspiruj\u0105c\u0105 kreatywno\u015b\u0107 i sny.<\/p>\n","protected":false},"featured_media":2348,"template":"","meta":{"_acf_changed":false,"inline_featured_image":false},"product_brand":[],"product_cat":[88,87],"product_tag":[],"class_list":{"0":"post-2342","1":"product","2":"type-product","3":"status-publish","4":"has-post-thumbnail","6":"product_cat-dzieciece","7":"product_cat-fototapety","9":"first","10":"instock","11":"shipping-taxable","12":"purchasable","13":"product-type-simple"},"acf":[],"_links":{"self":[{"href":"https:\/\/printde.co\/pl\/wp-json\/wp\/v2\/product\/2342","targetHints":{"allow":["GET"]}}],"collection":[{"href":"https:\/\/printde.co\/pl\/wp-json\/wp\/v2\/product"}],"about":[{"href":"https:\/\/printde.co\/pl\/wp-json\/wp\/v2\/types\/product"}],"wp:featuredmedia":[{"embeddable":true,"href":"https:\/\/printde.co\/pl\/wp-json\/wp\/v2\/media\/2348"}],"wp:attachment":[{"href":"https:\/\/printde.co\/pl\/wp-json\/wp\/v2\/media?parent=2342"}],"wp:term":[{"taxonomy":"product_brand","embeddable":true,"href":"https:\/\/printde.co\/pl\/wp-json\/wp\/v2\/product_brand?post=2342"},{"taxonomy":"product_cat","embeddable":true,"href":"https:\/\/printde.co\/pl\/wp-json\/wp\/v2\/product_cat?post=2342"},{"taxonomy":"product_tag","embeddable":true,"href":"https:\/\/printde.co\/pl\/wp-json\/wp\/v2\/product_tag?post=2342"}],"curies":[{"name":"wp","href":"https:\/\/api.w.org\/{rel}","templated":true}]}}