{"id":2489,"date":"2024-01-02T12:00:36","date_gmt":"2024-01-02T11:00:36","guid":{"rendered":"https:\/\/printde.co\/?post_type=product&#038;p=2489"},"modified":"2024-01-22T21:04:26","modified_gmt":"2024-01-22T20:04:26","slug":"dziecieca-tapeta-wektorowa-morze-zaglowki","status":"publish","type":"product","link":"https:\/\/printde.co\/pl\/produkt\/dziecieca-tapeta-wektorowa-morze-zaglowki\/","title":{"rendered":"Dzieci\u0119ca Tapeta w Stylu Wektorowym z Morzem i \u017bagl\u00f3wkami"},"content":{"rendered":"<p>Wyp\u0142y\u0144 w rejs wyobra\u017ani z nasz\u0105 'Dzieci\u0119c\u0105 Tapet\u0105 w Stylu Wektorowym z Morzem i \u017bagl\u00f3wkami&#8217;. Zaprojektowana w koj\u0105cych ziemiastych i be\u017cowych tonach, ta tapeta przedstawia eleganckie grafiki wektorowe \u017cagl\u00f3wek na tle spokojnego morza. Jej prosty i czysty design jest idealny do stworzenia spokojnej marynistycznej atmosfery w ka\u017cdym pokoju dziecka.<\/p>\n","protected":false},"excerpt":{"rendered":"<p>Nasza Dzieci\u0119ca Tapeta w Stylu Wektorowym z Morzem i \u017bagl\u00f3wkami przenosi pi\u0119kno morskich przyg\u00f3d do pokoju dziecka dzi\u0119ki swojemu eleganckiemu i prostemu designowi.<\/p>\n","protected":false},"featured_media":2483,"template":"","meta":{"_acf_changed":false,"inline_featured_image":false},"product_brand":[],"product_cat":[88,87],"product_tag":[],"class_list":{"0":"post-2489","1":"product","2":"type-product","3":"status-publish","4":"has-post-thumbnail","6":"product_cat-dzieciece","7":"product_cat-fototapety","9":"first","10":"instock","11":"shipping-taxable","12":"purchasable","13":"product-type-simple"},"acf":[],"_links":{"self":[{"href":"https:\/\/printde.co\/pl\/wp-json\/wp\/v2\/product\/2489","targetHints":{"allow":["GET"]}}],"collection":[{"href":"https:\/\/printde.co\/pl\/wp-json\/wp\/v2\/product"}],"about":[{"href":"https:\/\/printde.co\/pl\/wp-json\/wp\/v2\/types\/product"}],"wp:featuredmedia":[{"embeddable":true,"href":"https:\/\/printde.co\/pl\/wp-json\/wp\/v2\/media\/2483"}],"wp:attachment":[{"href":"https:\/\/printde.co\/pl\/wp-json\/wp\/v2\/media?parent=2489"}],"wp:term":[{"taxonomy":"product_brand","embeddable":true,"href":"https:\/\/printde.co\/pl\/wp-json\/wp\/v2\/product_brand?post=2489"},{"taxonomy":"product_cat","embeddable":true,"href":"https:\/\/printde.co\/pl\/wp-json\/wp\/v2\/product_cat?post=2489"},{"taxonomy":"product_tag","embeddable":true,"href":"https:\/\/printde.co\/pl\/wp-json\/wp\/v2\/product_tag?post=2489"}],"curies":[{"name":"wp","href":"https:\/\/api.w.org\/{rel}","templated":true}]}}