{"id":2557,"date":"2024-01-08T12:00:27","date_gmt":"2024-01-08T11:00:27","guid":{"rendered":"https:\/\/printde.co\/?post_type=product&#038;p=2557"},"modified":"2024-01-22T20:54:45","modified_gmt":"2024-01-22T19:54:45","slug":"niebiesko-biala-akwarelowa-tapeta-bambus-ptaki","status":"publish","type":"product","link":"https:\/\/printde.co\/pl\/produkt\/niebiesko-biala-akwarelowa-tapeta-bambus-ptaki\/","title":{"rendered":"Niebiesko-Bia\u0142a Akwarelowa Tapeta Bambus z Ptakami"},"content":{"rendered":"<p>Nasza 'Niebiesko-Bia\u0142a Akwarelowa Tapeta Bambus z Ptakami&#8217; uchwyci\u0142a spokojne pi\u0119kno natury. Starannie zaprojektowana, przedstawia scen\u0119 bambusa w niebieskich i bia\u0142ych odcieniach, dope\u0142nion\u0105 gracyjnimi ptakami na bia\u0142ym tle. Akcenty ciemnego z\u0142ota i szaro\u015bci dodaj\u0105 element spektakularnej elegancji, idealne do stworzenia spokojnego i wyrafinowanego t\u0142a w ka\u017cdej przestrzeni.<\/p>\n","protected":false},"excerpt":{"rendered":"<p>Do\u015bwiadcz harmonii natury z nasz\u0105 niebiesko-bia\u0142\u0105 akwarelow\u0105 tapet\u0105 bambusa, ozdobion\u0105 eleganckimi ptakami i wyrafinowanymi tonami ciemnego z\u0142ota i szaro\u015bci.<\/p>\n","protected":false},"featured_media":2563,"template":"","meta":{"_acf_changed":false,"inline_featured_image":false},"product_brand":[],"product_cat":[90,87],"product_tag":[],"class_list":{"0":"post-2557","1":"product","2":"type-product","3":"status-publish","4":"has-post-thumbnail","6":"product_cat-tapety-rosliny-zwierzeta","7":"product_cat-fototapety","9":"first","10":"instock","11":"shipping-taxable","12":"purchasable","13":"product-type-simple"},"acf":[],"_links":{"self":[{"href":"https:\/\/printde.co\/pl\/wp-json\/wp\/v2\/product\/2557","targetHints":{"allow":["GET"]}}],"collection":[{"href":"https:\/\/printde.co\/pl\/wp-json\/wp\/v2\/product"}],"about":[{"href":"https:\/\/printde.co\/pl\/wp-json\/wp\/v2\/types\/product"}],"wp:featuredmedia":[{"embeddable":true,"href":"https:\/\/printde.co\/pl\/wp-json\/wp\/v2\/media\/2563"}],"wp:attachment":[{"href":"https:\/\/printde.co\/pl\/wp-json\/wp\/v2\/media?parent=2557"}],"wp:term":[{"taxonomy":"product_brand","embeddable":true,"href":"https:\/\/printde.co\/pl\/wp-json\/wp\/v2\/product_brand?post=2557"},{"taxonomy":"product_cat","embeddable":true,"href":"https:\/\/printde.co\/pl\/wp-json\/wp\/v2\/product_cat?post=2557"},{"taxonomy":"product_tag","embeddable":true,"href":"https:\/\/printde.co\/pl\/wp-json\/wp\/v2\/product_tag?post=2557"}],"curies":[{"name":"wp","href":"https:\/\/api.w.org\/{rel}","templated":true}]}}