{"id":2582,"date":"2024-01-10T13:00:52","date_gmt":"2024-01-10T12:00:52","guid":{"rendered":"https:\/\/printde.co\/?post_type=product&#038;p=2582"},"modified":"2024-01-22T20:51:56","modified_gmt":"2024-01-22T19:51:56","slug":"claude-monet-impresjonistyczna-tapeta","status":"publish","type":"product","link":"https:\/\/printde.co\/pl\/produkt\/claude-monet-impresjonistyczna-tapeta\/","title":{"rendered":"Tapeta w Stylu Claude&#8217;a Moneta: Dotyk Impresjonizmu"},"content":{"rendered":"<p>Zanurz si\u0119 w \u015bwiecie impresjonizmu z nasz\u0105 tapet\u0105 inspirowan\u0105 Claude&#8217;em Monetem, idealn\u0105 do druku wysokiej rozdzielczo\u015bci. Ka\u017cdy projekt cudownie oddaje esencj\u0119 ukochanych scen ogrodowych i lilii wodnych Moneta, ukazuj\u0105c harmonijne po\u0142\u0105czenie \u015bwiat\u0142a i koloru. Przenie\u015b te \u017cywe i atmosferyczne dzie\u0142a sztuki do swojej przestrzeni dla zachwycaj\u0105cego wizualnego do\u015bwiadczenia.<\/p>\n","protected":false},"excerpt":{"rendered":"<p>Do\u015bwiadcz magii impresjonizmu Moneta w swoim domu z nasz\u0105 \u017cyw\u0105 i atmosferyczn\u0105 tapet\u0105, oddaj\u0105c\u0105 esencj\u0119 jego ikonicznych scen ogrodowych i lili wodnych.<\/p>\n","protected":false},"featured_media":2588,"template":"","meta":{"_acf_changed":false,"inline_featured_image":false},"product_brand":[],"product_cat":[105,87],"product_tag":[],"class_list":{"0":"post-2582","1":"product","2":"type-product","3":"status-publish","4":"has-post-thumbnail","6":"product_cat-sztuka-design-tapety","7":"product_cat-fototapety","9":"first","10":"instock","11":"shipping-taxable","12":"purchasable","13":"product-type-simple"},"acf":[],"_links":{"self":[{"href":"https:\/\/printde.co\/pl\/wp-json\/wp\/v2\/product\/2582","targetHints":{"allow":["GET"]}}],"collection":[{"href":"https:\/\/printde.co\/pl\/wp-json\/wp\/v2\/product"}],"about":[{"href":"https:\/\/printde.co\/pl\/wp-json\/wp\/v2\/types\/product"}],"wp:featuredmedia":[{"embeddable":true,"href":"https:\/\/printde.co\/pl\/wp-json\/wp\/v2\/media\/2588"}],"wp:attachment":[{"href":"https:\/\/printde.co\/pl\/wp-json\/wp\/v2\/media?parent=2582"}],"wp:term":[{"taxonomy":"product_brand","embeddable":true,"href":"https:\/\/printde.co\/pl\/wp-json\/wp\/v2\/product_brand?post=2582"},{"taxonomy":"product_cat","embeddable":true,"href":"https:\/\/printde.co\/pl\/wp-json\/wp\/v2\/product_cat?post=2582"},{"taxonomy":"product_tag","embeddable":true,"href":"https:\/\/printde.co\/pl\/wp-json\/wp\/v2\/product_tag?post=2582"}],"curies":[{"name":"wp","href":"https:\/\/api.w.org\/{rel}","templated":true}]}}