{"id":2593,"date":"2024-01-11T13:00:59","date_gmt":"2024-01-11T12:00:59","guid":{"rendered":"https:\/\/printde.co\/?post_type=product&#038;p=2593"},"modified":"2024-01-22T20:50:40","modified_gmt":"2024-01-22T19:50:40","slug":"gustav-klimt-krajobrazowa-tapeta","status":"publish","type":"product","link":"https:\/\/printde.co\/pl\/produkt\/gustav-klimt-krajobrazowa-tapeta\/","title":{"rendered":"Tapeta w Stylu Gustava Klimta &#8211; Krajobrazy"},"content":{"rendered":"<p>Poczuj spok\u00f3j z nasz\u0105 tapet\u0105 inspirowan\u0105 Gustavem Klimtem, idealn\u0105 do druku wysokiej rozdzielczo\u015bci. Ka\u017cdy projekt odzwierciedla spokojn\u0105 sztuk\u0119 krajobrazow\u0105 Klimta, ukazuj\u0105c subtelne i ziemiste kolory. Do\u015bwiadcz elegancji i pokoju w ka\u017cdym detalu, oddaj\u0105c esencj\u0119 spokojnej natury w Twojej przestrzeni.<\/p>\n","protected":false},"excerpt":{"rendered":"<p>Podnie\u015b sw\u00f3j dekor elegancj\u0105 krajobraz\u00f3w Gustava Klimta. Nasze tapety o\u017cywiaj\u0105 spokojne sceny naturalne z gracyjnymi, ziemistymi tonami.<\/p>\n","protected":false},"featured_media":2599,"template":"","meta":{"_acf_changed":false,"inline_featured_image":false},"product_brand":[],"product_cat":[105,87],"product_tag":[],"class_list":{"0":"post-2593","1":"product","2":"type-product","3":"status-publish","4":"has-post-thumbnail","6":"product_cat-sztuka-design-tapety","7":"product_cat-fototapety","9":"first","10":"instock","11":"shipping-taxable","12":"purchasable","13":"product-type-simple"},"acf":[],"_links":{"self":[{"href":"https:\/\/printde.co\/pl\/wp-json\/wp\/v2\/product\/2593","targetHints":{"allow":["GET"]}}],"collection":[{"href":"https:\/\/printde.co\/pl\/wp-json\/wp\/v2\/product"}],"about":[{"href":"https:\/\/printde.co\/pl\/wp-json\/wp\/v2\/types\/product"}],"wp:featuredmedia":[{"embeddable":true,"href":"https:\/\/printde.co\/pl\/wp-json\/wp\/v2\/media\/2599"}],"wp:attachment":[{"href":"https:\/\/printde.co\/pl\/wp-json\/wp\/v2\/media?parent=2593"}],"wp:term":[{"taxonomy":"product_brand","embeddable":true,"href":"https:\/\/printde.co\/pl\/wp-json\/wp\/v2\/product_brand?post=2593"},{"taxonomy":"product_cat","embeddable":true,"href":"https:\/\/printde.co\/pl\/wp-json\/wp\/v2\/product_cat?post=2593"},{"taxonomy":"product_tag","embeddable":true,"href":"https:\/\/printde.co\/pl\/wp-json\/wp\/v2\/product_tag?post=2593"}],"curies":[{"name":"wp","href":"https:\/\/api.w.org\/{rel}","templated":true}]}}