{"id":2614,"date":"2024-01-13T13:00:23","date_gmt":"2024-01-13T12:00:23","guid":{"rendered":"https:\/\/printde.co\/?post_type=product&#038;p=2614"},"modified":"2024-01-22T20:47:31","modified_gmt":"2024-01-22T19:47:31","slug":"eteryczne-tapety-kwiatowe-x-ray","status":"publish","type":"product","link":"https:\/\/printde.co\/pl\/produkt\/eteryczne-tapety-kwiatowe-x-ray\/","title":{"rendered":"Zaczarowana Wiosna: Eteryczne Tapety Kwiatowe X-Ray"},"content":{"rendered":"<p>Odkryj \u015bwiat spokojnego pi\u0119kna z naszymi Eterycznymi Tapetami Kwiatowymi X-Ray. Zainspirowane delikatnymi cudami wiosny, tapety te prezentuj\u0105 mi\u0119kkie, prze\u015bwituj\u0105ce wzory kwiatowe w fotorealistycznej jako\u015bci. Ciesz si\u0119 elegancj\u0105 jasnych pastelowych odcieni, od delikatnych bieli i r\u00f3\u017c\u00f3w po subtelne zielenie i b\u0142\u0119kity, tworz\u0105c spokojn\u0105 i wyrafinowan\u0105 atmosfer\u0119 w ka\u017cdej przestrzeni.<\/p>\n","protected":false},"excerpt":{"rendered":"<p>Przekszta\u0142\u0107 swoj\u0105 przestrze\u0144 w delikatny urok naszych Eterycznych Tapet Kwiatowych X-Ray, uchwytuj\u0105c istot\u0119 wiosny w fotorealistycznym szczeg\u00f3le.<\/p>\n","protected":false},"featured_media":2621,"template":"","meta":{"_acf_changed":false,"inline_featured_image":false},"product_brand":[],"product_cat":[90,87],"product_tag":[],"class_list":{"0":"post-2614","1":"product","2":"type-product","3":"status-publish","4":"has-post-thumbnail","6":"product_cat-tapety-rosliny-zwierzeta","7":"product_cat-fototapety","9":"first","10":"instock","11":"shipping-taxable","12":"purchasable","13":"product-type-simple"},"acf":[],"_links":{"self":[{"href":"https:\/\/printde.co\/pl\/wp-json\/wp\/v2\/product\/2614","targetHints":{"allow":["GET"]}}],"collection":[{"href":"https:\/\/printde.co\/pl\/wp-json\/wp\/v2\/product"}],"about":[{"href":"https:\/\/printde.co\/pl\/wp-json\/wp\/v2\/types\/product"}],"wp:featuredmedia":[{"embeddable":true,"href":"https:\/\/printde.co\/pl\/wp-json\/wp\/v2\/media\/2621"}],"wp:attachment":[{"href":"https:\/\/printde.co\/pl\/wp-json\/wp\/v2\/media?parent=2614"}],"wp:term":[{"taxonomy":"product_brand","embeddable":true,"href":"https:\/\/printde.co\/pl\/wp-json\/wp\/v2\/product_brand?post=2614"},{"taxonomy":"product_cat","embeddable":true,"href":"https:\/\/printde.co\/pl\/wp-json\/wp\/v2\/product_cat?post=2614"},{"taxonomy":"product_tag","embeddable":true,"href":"https:\/\/printde.co\/pl\/wp-json\/wp\/v2\/product_tag?post=2614"}],"curies":[{"name":"wp","href":"https:\/\/api.w.org\/{rel}","templated":true}]}}