{"id":2645,"date":"2024-01-16T13:00:24","date_gmt":"2024-01-16T12:00:24","guid":{"rendered":"https:\/\/printde.co\/?post_type=product&#038;p=2645"},"modified":"2024-01-22T20:44:23","modified_gmt":"2024-01-22T19:44:23","slug":"senny-spokoj-smukle-drzewa-miekkie-wzgorza","status":"publish","type":"product","link":"https:\/\/printde.co\/pl\/produkt\/senny-spokoj-smukle-drzewa-miekkie-wzgorza\/","title":{"rendered":"Senny Spok\u00f3j: Smuk\u0142e Drzewa i Mi\u0119kkie Wzg\u00f3rza w Pastelach"},"content":{"rendered":"<p>Zanurz si\u0119 w spokojne pi\u0119kno naszej tapety 'Senny Spok\u00f3j&#8217;. Ten uduchowiony krajobraz przedstawia trio wysokich, smuk\u0142ych drzew, kt\u00f3re wyra\u017anie wyr\u00f3\u017cniaj\u0105 si\u0119 na pierwszym planie, z li\u015b\u0107mi delikatnie ko\u0142ysz\u0105cymi si\u0119 na wietrze. Mi\u0119kkie, pofa\u0142dowane wzg\u00f3rza w tle przechodz\u0105 w mglisty horyzont, tworz\u0105c marzycielski, impresjonistyczny efekt. Przyt\u0142umiona paleta kolor\u00f3w pastelowych zieleni i \u017c\u00f3\u0142ci owija scen\u0119 w mi\u0119kkie \u015bwiat\u0142o pochmurnego nieba, podkre\u015blaj\u0105c ciche majestat drzew.<\/p>\n","protected":false},"excerpt":{"rendered":"<p>Przenie\u015b dotyk spokojnego marzenia do swojej przestrzeni z nasz\u0105 tapet\u0105 'Senny Spok\u00f3j&#8217;, gdzie smuk\u0142e drzewa i mi\u0119kkie wzg\u00f3rza \u0142\u0105cz\u0105 si\u0119 w pi\u0119knym pastelowym krajobrazie.<\/p>\n","protected":false},"featured_media":2648,"template":"","meta":{"_acf_changed":false,"inline_featured_image":false},"product_brand":[],"product_cat":[90,105,87],"product_tag":[],"class_list":{"0":"post-2645","1":"product","2":"type-product","3":"status-publish","4":"has-post-thumbnail","6":"product_cat-tapety-rosliny-zwierzeta","7":"product_cat-sztuka-design-tapety","8":"product_cat-fototapety","10":"first","11":"instock","12":"shipping-taxable","13":"purchasable","14":"product-type-simple"},"acf":[],"_links":{"self":[{"href":"https:\/\/printde.co\/pl\/wp-json\/wp\/v2\/product\/2645","targetHints":{"allow":["GET"]}}],"collection":[{"href":"https:\/\/printde.co\/pl\/wp-json\/wp\/v2\/product"}],"about":[{"href":"https:\/\/printde.co\/pl\/wp-json\/wp\/v2\/types\/product"}],"wp:featuredmedia":[{"embeddable":true,"href":"https:\/\/printde.co\/pl\/wp-json\/wp\/v2\/media\/2648"}],"wp:attachment":[{"href":"https:\/\/printde.co\/pl\/wp-json\/wp\/v2\/media?parent=2645"}],"wp:term":[{"taxonomy":"product_brand","embeddable":true,"href":"https:\/\/printde.co\/pl\/wp-json\/wp\/v2\/product_brand?post=2645"},{"taxonomy":"product_cat","embeddable":true,"href":"https:\/\/printde.co\/pl\/wp-json\/wp\/v2\/product_cat?post=2645"},{"taxonomy":"product_tag","embeddable":true,"href":"https:\/\/printde.co\/pl\/wp-json\/wp\/v2\/product_tag?post=2645"}],"curies":[{"name":"wp","href":"https:\/\/api.w.org\/{rel}","templated":true}]}}