{"id":2684,"date":"2024-01-21T13:00:31","date_gmt":"2024-01-21T12:00:31","guid":{"rendered":"https:\/\/printde.co\/?post_type=product&#038;p=2684"},"modified":"2024-01-22T20:37:53","modified_gmt":"2024-01-22T19:37:53","slug":"monochromatyczna-elegancja-cienie-palm","status":"publish","type":"product","link":"https:\/\/printde.co\/pl\/produkt\/monochromatyczna-elegancja-cienie-palm\/","title":{"rendered":"Monochromatyczna Elegancja: Cienie Palm na Teksturowanej \u015acianie"},"content":{"rendered":"<p>Zanurz si\u0119 w elegancji monochromu z nasz\u0105 tapet\u0105 \u015bcienn\u0105 'Monochromatyczna Elegancja&#8217;. Ten design w wysokim kontra\u015bcie czarno-bia\u0142ych li\u015bci palm tworzy z\u0142o\u017cone cienie na teksturyzowanej \u015bcianie, oferuj\u0105c spokojn\u0105 i atmosferyczn\u0105 kompozycj\u0119. Ostry nacisk na kraw\u0119dzie li\u015bci palmowych, po\u0142\u0105czony z subtelnym gradientem od jasno\u015bci do ciemno\u015bci, wywo\u0142uje uczucie spokoju i prostoty, idealne do wzbogacenia ka\u017cdego wyrafinowanego wn\u0119trza.<\/p>\n","protected":false},"excerpt":{"rendered":"<p>Podnie\u015b sw\u00f3j wystr\u00f3j wn\u0119trz nasz\u0105 tapet\u0105 \u015bcienn\u0105 'Monochromatyczna Elegancija&#8217;, gdzie pi\u0119kno cieni palm w czerni i bieli tworzy spokojn\u0105 atmosfer\u0119.<\/p>\n","protected":false},"featured_media":2692,"template":"","meta":{"_acf_changed":false,"inline_featured_image":false},"product_brand":[],"product_cat":[90,87],"product_tag":[],"class_list":{"0":"post-2684","1":"product","2":"type-product","3":"status-publish","4":"has-post-thumbnail","6":"product_cat-tapety-rosliny-zwierzeta","7":"product_cat-fototapety","9":"first","10":"instock","11":"shipping-taxable","12":"purchasable","13":"product-type-simple"},"acf":[],"_links":{"self":[{"href":"https:\/\/printde.co\/pl\/wp-json\/wp\/v2\/product\/2684","targetHints":{"allow":["GET"]}}],"collection":[{"href":"https:\/\/printde.co\/pl\/wp-json\/wp\/v2\/product"}],"about":[{"href":"https:\/\/printde.co\/pl\/wp-json\/wp\/v2\/types\/product"}],"wp:featuredmedia":[{"embeddable":true,"href":"https:\/\/printde.co\/pl\/wp-json\/wp\/v2\/media\/2692"}],"wp:attachment":[{"href":"https:\/\/printde.co\/pl\/wp-json\/wp\/v2\/media?parent=2684"}],"wp:term":[{"taxonomy":"product_brand","embeddable":true,"href":"https:\/\/printde.co\/pl\/wp-json\/wp\/v2\/product_brand?post=2684"},{"taxonomy":"product_cat","embeddable":true,"href":"https:\/\/printde.co\/pl\/wp-json\/wp\/v2\/product_cat?post=2684"},{"taxonomy":"product_tag","embeddable":true,"href":"https:\/\/printde.co\/pl\/wp-json\/wp\/v2\/product_tag?post=2684"}],"curies":[{"name":"wp","href":"https:\/\/api.w.org\/{rel}","templated":true}]}}