{"id":2696,"date":"2024-01-20T13:00:27","date_gmt":"2024-01-20T12:00:27","guid":{"rendered":"https:\/\/printde.co\/?post_type=product&#038;p=2696"},"modified":"2024-01-22T20:39:07","modified_gmt":"2024-01-22T19:39:07","slug":"pastelowy-eukaliptus-spokojny-krajobraz","status":"publish","type":"product","link":"https:\/\/printde.co\/pl\/produkt\/pastelowy-eukaliptus-spokojny-krajobraz\/","title":{"rendered":"Pastelowy Eukaliptus: Spokojny Krajobraz z Mglistymi Wzg\u00f3rzami"},"content":{"rendered":"<p>Poczuj spok\u00f3j natury z nasz\u0105 tapet\u0105 \u015bcienn\u0105 'Pastelowy Eukaliptus&#8217;. Ten spokojny widok przedstawia trzy wysokie drzewa eukaliptusa, kt\u00f3re dominuj\u0105 na pierwszym planie, otoczone mi\u0119kk\u0105, mglist\u0105 atmosfer\u0105 obejmuj\u0105c\u0105 odleg\u0142e, pag\u00f3rkowate wzg\u00f3rza. Paleta pastelowych kolor\u00f3w, przypominaj\u0105ca porann\u0105 mg\u0142\u0119, delikatnie przechodzi od z\u0142ocisto zabarwionej trawy u podstawy do ch\u0142odnych, b\u0142\u0119kitnych odcieni odleg\u0142ych wzg\u00f3rz. Szeroka kompozycja uchwyci\u0142a ogrom krajobrazu, skupiaj\u0105c si\u0119 na teksturze i delikatnej grze \u015bwiat\u0142a i cienia, tworz\u0105c spokojny i atmosferyczny wiejski krajobraz.<\/p>\n","protected":false},"excerpt":{"rendered":"<p>Przekszta\u0142\u0107 swoj\u0105 przestrze\u0144 w spokojne sanktuarium z nasz\u0105 tapet\u0105 \u015bcienn\u0105 'Pastelowy Eukaliptus&#8217;, gdzie delikatne pastele i \u0142agodne \u015bwiat\u0142o tworz\u0105 spokojny wiejski widok.<\/p>\n","protected":false},"featured_media":2702,"template":"","meta":{"_acf_changed":false,"inline_featured_image":false},"product_brand":[],"product_cat":[90,87],"product_tag":[],"class_list":{"0":"post-2696","1":"product","2":"type-product","3":"status-publish","4":"has-post-thumbnail","6":"product_cat-tapety-rosliny-zwierzeta","7":"product_cat-fototapety","9":"first","10":"instock","11":"shipping-taxable","12":"purchasable","13":"product-type-simple"},"acf":[],"_links":{"self":[{"href":"https:\/\/printde.co\/pl\/wp-json\/wp\/v2\/product\/2696","targetHints":{"allow":["GET"]}}],"collection":[{"href":"https:\/\/printde.co\/pl\/wp-json\/wp\/v2\/product"}],"about":[{"href":"https:\/\/printde.co\/pl\/wp-json\/wp\/v2\/types\/product"}],"wp:featuredmedia":[{"embeddable":true,"href":"https:\/\/printde.co\/pl\/wp-json\/wp\/v2\/media\/2702"}],"wp:attachment":[{"href":"https:\/\/printde.co\/pl\/wp-json\/wp\/v2\/media?parent=2696"}],"wp:term":[{"taxonomy":"product_brand","embeddable":true,"href":"https:\/\/printde.co\/pl\/wp-json\/wp\/v2\/product_brand?post=2696"},{"taxonomy":"product_cat","embeddable":true,"href":"https:\/\/printde.co\/pl\/wp-json\/wp\/v2\/product_cat?post=2696"},{"taxonomy":"product_tag","embeddable":true,"href":"https:\/\/printde.co\/pl\/wp-json\/wp\/v2\/product_tag?post=2696"}],"curies":[{"name":"wp","href":"https:\/\/api.w.org\/{rel}","templated":true}]}}