{"id":2703,"date":"2024-01-22T13:00:49","date_gmt":"2024-01-22T12:00:49","guid":{"rendered":"https:\/\/printde.co\/?post_type=product&#038;p=2703"},"modified":"2024-01-22T20:36:08","modified_gmt":"2024-01-22T19:36:08","slug":"spokojna-godzina-zlota-eleganckie-drzewa-i-pastelowe-niebo","status":"publish","type":"product","link":"https:\/\/printde.co\/pl\/produkt\/spokojna-godzina-zlota-eleganckie-drzewa-i-pastelowe-niebo\/","title":{"rendered":"Spokojna Godzina Z\u0142ota: Eleganckie Drzewa i Pastelowe Niebo"},"content":{"rendered":"<p>Poczuj pi\u0119kno z\u0142otej godziny natury z nasz\u0105 tapet\u0105 \u015bcienn\u0105 'Spokojna Godzina Z\u0142ota&#8217;. Ten atmosferyczny krajobraz przedstawia trio wysokich, eleganckich drzew na pierwszym planie, z delikatnie szczeg\u00f3\u0142owo przedstawionymi ga\u0142\u0119ziami i li\u015b\u0107mi rzucaj\u0105cymi subtelne cienie na faluj\u0105ce pole poni\u017cej. Na tle delikatnie pofa\u0142dowane wzg\u00f3rza tworz\u0105 teksturowan\u0105 sylwetk\u0119 na tle mi\u0119kkiego, pastelowego nieba. Ca\u0142a scena jest sk\u0105pana w ciep\u0142ym, rozproszonym \u015bwietle, tworz\u0105c spokojny i kontemplacyjny nastr\u00f3j. Delikatna mgie\u0142ka nieco zas\u0142ania odleg\u0142e g\u00f3ry, dodaj\u0105c g\u0142\u0119bi i tajemniczo\u015bci kompozycji, czyni\u0105c j\u0105 idealn\u0105 do wniesienia poczucia spokoju i elegancji do ka\u017cdej przestrzeni.<\/p>\n","protected":false},"excerpt":{"rendered":"<p>Wzboga\u0107 swoj\u0105 przestrze\u0144 spokojnym pi\u0119knem naszej tapety 'Spokojna Godzina Z\u0142ota&#8217;, z eleganckimi drzewami i mi\u0119kkim pastelowym niebem dla spokojnej atmosfery.<\/p>\n","protected":false},"featured_media":2708,"template":"","meta":{"_acf_changed":false,"inline_featured_image":false},"product_brand":[],"product_cat":[90,87],"product_tag":[],"class_list":{"0":"post-2703","1":"product","2":"type-product","3":"status-publish","4":"has-post-thumbnail","6":"product_cat-tapety-rosliny-zwierzeta","7":"product_cat-fototapety","9":"first","10":"instock","11":"shipping-taxable","12":"purchasable","13":"product-type-simple"},"acf":[],"_links":{"self":[{"href":"https:\/\/printde.co\/pl\/wp-json\/wp\/v2\/product\/2703","targetHints":{"allow":["GET"]}}],"collection":[{"href":"https:\/\/printde.co\/pl\/wp-json\/wp\/v2\/product"}],"about":[{"href":"https:\/\/printde.co\/pl\/wp-json\/wp\/v2\/types\/product"}],"wp:featuredmedia":[{"embeddable":true,"href":"https:\/\/printde.co\/pl\/wp-json\/wp\/v2\/media\/2708"}],"wp:attachment":[{"href":"https:\/\/printde.co\/pl\/wp-json\/wp\/v2\/media?parent=2703"}],"wp:term":[{"taxonomy":"product_brand","embeddable":true,"href":"https:\/\/printde.co\/pl\/wp-json\/wp\/v2\/product_brand?post=2703"},{"taxonomy":"product_cat","embeddable":true,"href":"https:\/\/printde.co\/pl\/wp-json\/wp\/v2\/product_cat?post=2703"},{"taxonomy":"product_tag","embeddable":true,"href":"https:\/\/printde.co\/pl\/wp-json\/wp\/v2\/product_tag?post=2703"}],"curies":[{"name":"wp","href":"https:\/\/api.w.org\/{rel}","templated":true}]}}